{"id":35,"date":"2021-12-31T15:23:32","date_gmt":"2021-12-31T15:23:32","guid":{"rendered":"http:\/\/localhost\/ainhoalopezdemunain\/?page_id=35"},"modified":"2026-02-11T20:00:28","modified_gmt":"2026-02-11T19:00:28","slug":"biography","status":"publish","type":"page","link":"https:\/\/ainhoalopezdemunain.com\/es\/biography\/","title":{"rendered":"Biograf\u00eda"},"content":{"rendered":"\t\t<div data-elementor-type=\"wp-page\" data-elementor-id=\"35\" class=\"elementor elementor-35\" data-elementor-post-type=\"page\">\n\t\t\t\t<div data-dce-background-image-url=\"https:\/\/ainhoalopezdemunain.com\/wp-content\/uploads\/2025\/03\/IMG_0207-1-scaled.jpg\" class=\"elementor-element elementor-element-1ff1c0b e-con-full e-flex e-con e-parent\" data-id=\"1ff1c0b\" data-element_type=\"container\" data-e-type=\"container\" data-settings=\"{&quot;background_background&quot;:&quot;classic&quot;}\">\n\t\t\t\t<\/div>\n\t\t<div class=\"elementor-element elementor-element-1487936 e-flex e-con-boxed e-con e-parent\" data-id=\"1487936\" data-element_type=\"container\" data-e-type=\"container\" data-settings=\"{&quot;background_background&quot;:&quot;classic&quot;}\">\n\t\t\t\t\t<div class=\"e-con-inner\">\n\t\t\t\t<div class=\"elementor-element elementor-element-6a077cb elementor-widget elementor-widget-heading\" data-id=\"6a077cb\" data-element_type=\"widget\" data-e-type=\"widget\" data-settings=\"{&quot;_animation&quot;:&quot;none&quot;}\" data-widget_type=\"heading.default\">\n\t\t\t\t<div class=\"elementor-widget-container\">\n\t\t\t\t\t<h4 class=\"elementor-heading-title elementor-size-default\">Biograf\u00eda<\/h4>\t\t\t\t<\/div>\n\t\t\t\t<\/div>\n\t\t\t\t\t<\/div>\n\t\t\t\t<\/div>\n\t\t<div class=\"elementor-element elementor-element-56de523 e-flex e-con-boxed e-con e-parent\" data-id=\"56de523\" data-element_type=\"container\" data-e-type=\"container\" data-settings=\"{&quot;background_background&quot;:&quot;classic&quot;}\">\n\t\t\t\t\t<div class=\"e-con-inner\">\n\t\t<div class=\"elementor-element elementor-element-bfcc93d e-con-full e-flex e-con e-child\" data-id=\"bfcc93d\" data-element_type=\"container\" data-e-type=\"container\">\n\t\t\t\t<div class=\"elementor-element elementor-element-d63d0ea elementor-widget elementor-widget-text-editor\" data-id=\"d63d0ea\" data-element_type=\"widget\" data-e-type=\"widget\" data-widget_type=\"text-editor.default\">\n\t\t\t\t<div class=\"elementor-widget-container\">\n\t\t\t\t\t\t\t\t\t<p>La soprano Ainhoa L\u00f3pez de Munain (Vitoria-Gasteiz, 1999) recibi\u00f3 clases de piano desde temprana edad y adquiri\u00f3 sus primeras experiencias musicales como cantante coral. Antes de iniciar sus estudios de canto, complet\u00f3 asimismo la carrera de Pedagog\u00eda Musical en el Centro Superior de M\u00fasica del Pa\u00eds Vasco (Musikene). Realiz\u00f3 sus estudios de canto en la Hochschule f\u00fcr Musik \u201cHanns Eisler\u201d de Berl\u00edn con Ewa Wolak, donde actualmente cursa el M\u00e1ster en \u00d3pera.<\/p>\t\t\t\t\t\t\t\t<\/div>\n\t\t\t\t<\/div>\n\t\t\t\t<\/div>\n\t\t\t\t\t<\/div>\n\t\t\t\t<\/div>\n\t\t<div class=\"elementor-element elementor-element-3d9f5f8 e-flex e-con-boxed e-con e-parent\" data-id=\"3d9f5f8\" data-element_type=\"container\" data-e-type=\"container\" data-settings=\"{&quot;background_background&quot;:&quot;classic&quot;}\">\n\t\t\t\t\t<div class=\"e-con-inner\">\n\t\t<div class=\"elementor-element elementor-element-b6c6dbf e-con-full e-flex e-con e-child\" data-id=\"b6c6dbf\" data-element_type=\"container\" data-e-type=\"container\">\n\t\t\t\t<div class=\"elementor-element elementor-element-5ba0928 elementor-widget-tablet__width-initial elementor-widget elementor-widget-text-editor\" data-id=\"5ba0928\" data-element_type=\"widget\" data-e-type=\"widget\" data-widget_type=\"text-editor.default\">\n\t\t\t\t<div class=\"elementor-widget-container\">\n\t\t\t\t\t\t\t\t\t<p>Su repertorio de concierto incluye, entre otras obras, el <em>R\u00e9quiem<\/em> y la <em>Misa de la Coronaci\u00f3n<\/em> de Mozart, la <em>Fantas\u00eda coral<\/em> de Beethoven, la <em>Petite Messe solennelle<\/em> de Rossini, el <em>Oratorio de Navidad<\/em> de Saint-Sa\u00ebns, el <em>Membra Jesu Nostri<\/em> de Buxtehude, as\u00ed como cantatas de Bach y Telemann. En el \u00e1mbito oper\u00edstico ha interpretado, entre otros, los papeles de Amore (<em>Orfeo ed Euridice<\/em>), Rosalia (<em>West Side Story<\/em>) y Sophie (<em>Die Wei\u00dfe Rose<\/em>). Un eje central de su actividad art\u00edstica es el repertorio de canci\u00f3n espa\u00f1ola y vasca, al que dedica en numerosos programas de concierto. Asimismo, debut\u00f3 como Rosaura en la zarzuela <em>Los gavilanes<\/em> de Jacinto Guerrero.<\/p><p>Ha actuado como invitada, entre otros, en la Quincena Musical de San Sebasti\u00e1n, el Festival Internacional de Santander, el DoSEL Project en Eslovenia y la Semana de M\u00fasica Religiosa de Cuenca. En 2023 fue becaria del Encuentro de M\u00fasica y Academia de Santander; en 2024 recibi\u00f3 la Beca Bayreuth de la Wagner-Gesellschaft Berlin, en cuyo marco particip\u00f3 en un concierto en la Deutsche Oper Berlin. Entre sus siguientes compromisos destaca su debut en la Kinderopernhaus Staatsoper Unter den Linden Berlin.<\/p>\t\t\t\t\t\t\t\t<\/div>\n\t\t\t\t<\/div>\n\t\t\t\t<div class=\"elementor-element elementor-element-4e9ed57 elementor-align-center elementor-widget elementor-widget-button\" data-id=\"4e9ed57\" data-element_type=\"widget\" data-e-type=\"widget\" data-widget_type=\"button.default\">\n\t\t\t\t<div class=\"elementor-widget-container\">\n\t\t\t\t\t\t\t\t\t<div class=\"elementor-button-wrapper\">\n\t\t\t\t\t<a class=\"elementor-button elementor-button-link elementor-size-sm\" href=\"https:\/\/ainhoalopezdemunain.com\/es\/repertoire\/\">\n\t\t\t\t\t\t<span class=\"elementor-button-content-wrapper\">\n\t\t\t\t\t\t\t\t\t<span class=\"elementor-button-text\">VER REPERTORIO<\/span>\n\t\t\t\t\t<\/span>\n\t\t\t\t\t<\/a>\n\t\t\t\t<\/div>\n\t\t\t\t\t\t\t\t<\/div>\n\t\t\t\t<\/div>\n\t\t\t\t<\/div>\n\t\t<div class=\"elementor-element elementor-element-26f2995 e-con-full e-flex e-con e-child\" data-id=\"26f2995\" data-element_type=\"container\" data-e-type=\"container\">\n\t\t\t\t<div class=\"elementor-element elementor-element-bc34bbb dce_masking-none elementor-widget elementor-widget-image\" data-id=\"bc34bbb\" data-element_type=\"widget\" data-e-type=\"widget\" data-widget_type=\"image.default\">\n\t\t\t\t<div class=\"elementor-widget-container\">\n\t\t\t\t\t\t\t\t\t\t\t\t<figure class=\"wp-caption\">\n\t\t\t\t\t\t\t\t\t\t<img decoding=\"async\" src=\"https:\/\/ainhoalopezdemunain.com\/wp-content\/uploads\/elementor\/thumbs\/photo_2022-10-19_10-03-37-pwfncupttnm0ajs4mm9xm1xk7t9f3rvxilt9si75wg.jpg\" title=\"Es ist doch ein Wandel \u00fcber mich gekommen, Rheinsberg\" alt=\"Es ist doch ein Wandel \u00fcber mich gekommen, Rheinsberg\" loading=\"lazy\" \/>\t\t\t\t\t\t\t\t\t\t\t<figcaption class=\"widget-image-caption wp-caption-text\">Es ist doch ein Wandel \u00fcber mich gekommen, Rheinsberg<\/figcaption>\n\t\t\t\t\t\t\t\t\t\t<\/figure>\n\t\t\t\t\t\t\t\t\t<\/div>\n\t\t\t\t<\/div>\n\t\t\t\t<\/div>\n\t\t\t\t\t<\/div>\n\t\t\t\t<\/div>\n\t\t<div class=\"elementor-element elementor-element-bd987f0 e-con-full e-flex e-con e-parent\" data-id=\"bd987f0\" data-element_type=\"container\" data-e-type=\"container\" data-settings=\"{&quot;background_background&quot;:&quot;classic&quot;}\">\n\t\t\t\t<div class=\"elementor-element elementor-element-28cae8f elementor-widget elementor-widget-premium-addon-person\" data-id=\"28cae8f\" data-element_type=\"widget\" data-e-type=\"widget\" data-settings=\"{&quot;carousel&quot;:&quot;yes&quot;,&quot;carousel_play&quot;:&quot;yes&quot;,&quot;persons_per_row&quot;:&quot;25%&quot;,&quot;persons_per_row_tablet&quot;:&quot;100%&quot;,&quot;persons_per_row_mobile&quot;:&quot;100%&quot;,&quot;speed&quot;:5000}\" data-widget_type=\"premium-addon-person.default\">\n\t\t\t\t<div class=\"elementor-widget-container\">\n\t\t\t\t\t\t\t<div class=\"premium-persons-container premium-person-style2 multiple-persons\" data-persons-equal=\"\" data-carousel=\"1\" data-rtl=\"\">\n\t\t\t\t\t\t\t\t<div class=\"premium-person-container premium-person-zoomin-effect\">\n\t\t\t\t\t\t<div class=\"premium-person-image-container\">\n\t\t\t\t\t\t<img decoding=\"async\" src=\"https:\/\/www.ekomodo.eus\/blog\/wp-content\/uploads\/2019\/05\/Vitoria.jpg\" title=\"\" alt=\"\" loading=\"lazy\" \/>\t\t\t\t\t\t\t\t\t\t\t\t\t<\/div>\n\t\t\t\t\t\t<div class=\"premium-person-info\">\n\t\t\t\t\t\t\t\t\t\t<div class=\"premium-person-info-container\">\n\t\t\t\t\t\t\t\t\t<h2 class=\"premium-person-name\">1999<\/h2>\n\t\t\t\t\t\t\t\t\t\t\t<h5 class=\"premium-person-title\">\n\t\t\t\t\t\t\t<span><p><b>Vitoria - Gasteiz<\/b><\/p><\/span>\n\t\t\t\t\t\t<\/h5>\n\t\t\t\t\t\t\t\t<\/div>\n\t\t\t\t\t\t\t\t\t<\/div>\n\t\t\t\t\t<\/div>\n\t\t\t\t\t\t\t\t\t\t<div class=\"premium-person-container premium-person-zoomin-effect\">\n\t\t\t\t\t\t<div class=\"premium-person-image-container\">\n\t\t\t\t\t\t<img decoding=\"async\" src=\"https:\/\/conservatoriovitoria.com\/images\/conservatorio\/aula-magna.jpg\" title=\"\" alt=\"\" loading=\"lazy\" \/>\t\t\t\t\t\t\t\t\t\t\t\t\t<\/div>\n\t\t\t\t\t\t<div class=\"premium-person-info\">\n\t\t\t\t\t\t\t\t\t\t<div class=\"premium-person-info-container\">\n\t\t\t\t\t\t\t\t\t<h2 class=\"premium-person-name\"><p>2017<\/p><\/h2>\n\t\t\t\t\t\t\t\t\t\t\t<h5 class=\"premium-person-title\">\n\t\t\t\t\t\t\t<span><p><b>Ense\u00f1anzas Profesionales | Piano<\/b><\/p><\/span>\n\t\t\t\t\t\t<\/h5>\n\t\t\t\t\t\t\t\t\t\t\t<div class=\"premium-person-content\">\n\t\t\t\t\t\t\t<p><b>Conservatorio Jes\u00fas Guridi &#8211; Vitoria-Gasteiz<\/b><\/p>\t\t\t\t\t\t<\/div>\n\t\t\t\t\t\t\t\t<\/div>\n\t\t\t\t\t\t\t\t\t<\/div>\n\t\t\t\t\t<\/div>\n\t\t\t\t\t\t\t\t\t\t<div class=\"premium-person-container premium-person-zoomin-effect\">\n\t\t\t\t\t\t<div class=\"premium-person-image-container\">\n\t\t\t\t\t\t<img decoding=\"async\" src=\"https:\/\/upload.wikimedia.org\/wikipedia\/commons\/thumb\/5\/57\/Conservatorio_escudero_2.JPG\/1200px-Conservatorio_escudero_2.JPG\" title=\"\" alt=\"\" loading=\"lazy\" \/>\t\t\t\t\t\t\t\t\t\t\t\t\t<\/div>\n\t\t\t\t\t\t<div class=\"premium-person-info\">\n\t\t\t\t\t\t\t\t\t\t<div class=\"premium-person-info-container\">\n\t\t\t\t\t\t\t\t\t<h2 class=\"premium-person-name\"><p>2020<\/p><\/h2>\n\t\t\t\t\t\t\t\t\t\t\t<h5 class=\"premium-person-title\">\n\t\t\t\t\t\t\t<span><p><b>Ense\u00f1anzas Profesionales &nbsp;| Canto<\/b><\/p><\/span>\n\t\t\t\t\t\t<\/h5>\n\t\t\t\t\t\t\t\t\t\t\t<div class=\"premium-person-content\">\n\t\t\t\t\t\t\t<p><b>Conservatorio Francisco Escudero &#8211; San Sebasti\u00e1n<\/b><\/p>\t\t\t\t\t\t<\/div>\n\t\t\t\t\t\t\t\t<\/div>\n\t\t\t\t\t\t\t\t\t<\/div>\n\t\t\t\t\t<\/div>\n\t\t\t\t\t\t\t\t\t\t<div class=\"premium-person-container premium-person-zoomin-effect\">\n\t\t\t\t\t\t<div class=\"premium-person-image-container\">\n\t\t\t\t\t\t<img decoding=\"async\" src=\"http:\/\/papelesdemusica.files.wordpress.com\/2017\/07\/musikene.jpg\" title=\"\" alt=\"\" loading=\"lazy\" \/>\t\t\t\t\t\t\t\t\t\t\t\t\t<\/div>\n\t\t\t\t\t\t<div class=\"premium-person-info\">\n\t\t\t\t\t\t\t\t\t\t<div class=\"premium-person-info-container\">\n\t\t\t\t\t\t\t\t\t<h2 class=\"premium-person-name\"><p>2021<\/p><\/h2>\n\t\t\t\t\t\t\t\t\t\t\t<h5 class=\"premium-person-title\">\n\t\t\t\t\t\t\t<span><p><b>Grado Superior | Pedagog\u00eda Musical<\/b><\/p><\/span>\n\t\t\t\t\t\t<\/h5>\n\t\t\t\t\t\t\t\t\t\t\t<div class=\"premium-person-content\">\n\t\t\t\t\t\t\t<p><b>Musikene &#8211; San Sebasti\u00e1n<\/b><\/p>\t\t\t\t\t\t<\/div>\n\t\t\t\t\t\t\t\t<\/div>\n\t\t\t\t\t\t\t\t\t<\/div>\n\t\t\t\t\t<\/div>\n\t\t\t\t\t\t\t\t\t\t<div class=\"premium-person-container premium-person-zoomin-effect\">\n\t\t\t\t\t\t<div class=\"premium-person-image-container\">\n\t\t\t\t\t\t<img fetchpriority=\"high\" decoding=\"async\" width=\"2560\" height=\"1920\" src=\"https:\/\/ainhoalopezdemunain.com\/wp-content\/uploads\/2022\/04\/IMG_20211109_161250-scaled.jpg\" class=\"attachment-full size-full wp-image-481\" alt=\"\" srcset=\"https:\/\/ainhoalopezdemunain.com\/wp-content\/uploads\/2022\/04\/IMG_20211109_161250-scaled.jpg 2560w, https:\/\/ainhoalopezdemunain.com\/wp-content\/uploads\/2022\/04\/IMG_20211109_161250-300x225.jpg 300w, https:\/\/ainhoalopezdemunain.com\/wp-content\/uploads\/2022\/04\/IMG_20211109_161250-1024x768.jpg 1024w, https:\/\/ainhoalopezdemunain.com\/wp-content\/uploads\/2022\/04\/IMG_20211109_161250-768x576.jpg 768w, https:\/\/ainhoalopezdemunain.com\/wp-content\/uploads\/2022\/04\/IMG_20211109_161250-1536x1152.jpg 1536w, https:\/\/ainhoalopezdemunain.com\/wp-content\/uploads\/2022\/04\/IMG_20211109_161250-2048x1536.jpg 2048w\" sizes=\"(max-width: 2560px) 100vw, 2560px\" \/>\t\t\t\t\t\t\t\t\t\t\t\t\t<\/div>\n\t\t\t\t\t\t<div class=\"premium-person-info\">\n\t\t\t\t\t\t\t\t\t\t<div class=\"premium-person-info-container\">\n\t\t\t\t\t\t\t\t\t<h2 class=\"premium-person-name\"><p>2025<\/p><\/h2>\n\t\t\t\t\t\t\t\t\t\t\t<h5 class=\"premium-person-title\">\n\t\t\t\t\t\t\t<span><p><b>Grado Superior | Canto<\/b><\/p><\/span>\n\t\t\t\t\t\t<\/h5>\n\t\t\t\t\t\t\t\t\t\t\t<div class=\"premium-person-content\">\n\t\t\t\t\t\t\t<p class=\"LC20lb MBeuO DKV0Md\"><b>Escuela Superior de M\u00fasica Hanns Eisler &#8211; Berl\u00edn<\/b><\/p>\t\t\t\t\t\t<\/div>\n\t\t\t\t\t\t\t\t<\/div>\n\t\t\t\t\t\t\t\t\t<\/div>\n\t\t\t\t\t<\/div>\n\t\t\t\t\t\t\t<\/div>\n\t\t\t\t\t\t<\/div>\n\t\t\t\t<\/div>\n\t\t\t\t<\/div>\n\t\t\t\t<\/div>\n\t\t","protected":false},"excerpt":{"rendered":"<p>Biograf\u00eda La soprano Ainhoa L\u00f3pez de Munain (Vitoria-Gasteiz, 1999) recibi\u00f3 clases de piano desde temprana edad y adquiri\u00f3 sus primeras experiencias musicales como cantante coral. Antes de iniciar sus estudios de canto, complet\u00f3 asimismo la carrera de Pedagog\u00eda Musical en el Centro Superior de M\u00fasica del Pa\u00eds Vasco (Musikene). Realiz\u00f3 sus estudios de canto en [&hellip;]<\/p>\n","protected":false},"author":1,"featured_media":0,"parent":0,"menu_order":1,"comment_status":"closed","ping_status":"closed","template":"","meta":{"footnotes":""},"class_list":["post-35","page","type-page","status-publish","hentry"],"yoast_head":"<!-- This site is optimized with the Yoast SEO plugin v27.3 - https:\/\/yoast.com\/product\/yoast-seo-wordpress\/ -->\n<title>Biograf\u00eda - Ainhoa L\u00f3pez de Munain<\/title>\n<meta name=\"description\" content=\"Ainhoa L\u00f3pez de Munain, se ha graduado en la Escuela Superior de M\u00fasica Hanns Eisler de Berl\u00edn, bajo la tutela de la mezzosoprano Ewa Wolak.\" \/>\n<meta name=\"robots\" content=\"index, follow, max-snippet:-1, max-image-preview:large, max-video-preview:-1\" \/>\n<link rel=\"canonical\" href=\"https:\/\/ainhoalopezdemunain.com\/es\/biography\/\" \/>\n<meta property=\"og:locale\" content=\"es_ES\" \/>\n<meta property=\"og:type\" content=\"article\" \/>\n<meta property=\"og:title\" content=\"Biograf\u00eda - Ainhoa L\u00f3pez de Munain\" \/>\n<meta property=\"og:description\" content=\"Ainhoa L\u00f3pez de Munain, se ha graduado en la Escuela Superior de M\u00fasica Hanns Eisler de Berl\u00edn, bajo la tutela de la mezzosoprano Ewa Wolak.\" \/>\n<meta property=\"og:url\" content=\"https:\/\/ainhoalopezdemunain.com\/es\/biography\/\" \/>\n<meta property=\"og:site_name\" content=\"Ainhoa L\u00f3pez de Munain\" \/>\n<meta property=\"article:modified_time\" content=\"2026-02-11T19:00:28+00:00\" \/>\n<meta property=\"og:image\" content=\"https:\/\/ainhoalopezdemunain.com\/wp-content\/uploads\/elementor\/thumbs\/photo_2022-10-19_10-03-37-pwfncupttnm0ajs4mm9xm1xk7t9f3rvxilt9si75wg.jpg\" \/>\n<meta name=\"twitter:card\" content=\"summary_large_image\" \/>\n<meta name=\"twitter:label1\" content=\"Tiempo de lectura\" \/>\n\t<meta name=\"twitter:data1\" content=\"5 minutos\" \/>\n<script type=\"application\/ld+json\" class=\"yoast-schema-graph\">{\"@context\":\"https:\\\/\\\/schema.org\",\"@graph\":[{\"@type\":\"WebPage\",\"@id\":\"https:\\\/\\\/ainhoalopezdemunain.com\\\/es\\\/biography\\\/\",\"url\":\"https:\\\/\\\/ainhoalopezdemunain.com\\\/es\\\/biography\\\/\",\"name\":\"Biograf\u00eda - Ainhoa L\u00f3pez de Munain\",\"isPartOf\":{\"@id\":\"https:\\\/\\\/ainhoalopezdemunain.com\\\/es\\\/#website\"},\"primaryImageOfPage\":{\"@id\":\"https:\\\/\\\/ainhoalopezdemunain.com\\\/es\\\/biography\\\/#primaryimage\"},\"image\":{\"@id\":\"https:\\\/\\\/ainhoalopezdemunain.com\\\/es\\\/biography\\\/#primaryimage\"},\"thumbnailUrl\":\"https:\\\/\\\/ainhoalopezdemunain.com\\\/wp-content\\\/uploads\\\/elementor\\\/thumbs\\\/photo_2022-10-19_10-03-37-pwfncupttnm0ajs4mm9xm1xk7t9f3rvxilt9si75wg.jpg\",\"datePublished\":\"2021-12-31T15:23:32+00:00\",\"dateModified\":\"2026-02-11T19:00:28+00:00\",\"description\":\"Ainhoa L\u00f3pez de Munain, se ha graduado en la Escuela Superior de M\u00fasica Hanns Eisler de Berl\u00edn, bajo la tutela de la mezzosoprano Ewa Wolak.\",\"breadcrumb\":{\"@id\":\"https:\\\/\\\/ainhoalopezdemunain.com\\\/es\\\/biography\\\/#breadcrumb\"},\"inLanguage\":\"es\",\"potentialAction\":[{\"@type\":\"ReadAction\",\"target\":[\"https:\\\/\\\/ainhoalopezdemunain.com\\\/es\\\/biography\\\/\"]}]},{\"@type\":\"ImageObject\",\"inLanguage\":\"es\",\"@id\":\"https:\\\/\\\/ainhoalopezdemunain.com\\\/es\\\/biography\\\/#primaryimage\",\"url\":\"https:\\\/\\\/ainhoalopezdemunain.com\\\/wp-content\\\/uploads\\\/elementor\\\/thumbs\\\/photo_2022-10-19_10-03-37-pwfncupttnm0ajs4mm9xm1xk7t9f3rvxilt9si75wg.jpg\",\"contentUrl\":\"https:\\\/\\\/ainhoalopezdemunain.com\\\/wp-content\\\/uploads\\\/elementor\\\/thumbs\\\/photo_2022-10-19_10-03-37-pwfncupttnm0ajs4mm9xm1xk7t9f3rvxilt9si75wg.jpg\"},{\"@type\":\"BreadcrumbList\",\"@id\":\"https:\\\/\\\/ainhoalopezdemunain.com\\\/es\\\/biography\\\/#breadcrumb\",\"itemListElement\":[{\"@type\":\"ListItem\",\"position\":1,\"name\":\"Portada\",\"item\":\"https:\\\/\\\/ainhoalopezdemunain.com\\\/\"},{\"@type\":\"ListItem\",\"position\":2,\"name\":\"Biograf\u00eda\"}]},{\"@type\":\"WebSite\",\"@id\":\"https:\\\/\\\/ainhoalopezdemunain.com\\\/es\\\/#website\",\"url\":\"https:\\\/\\\/ainhoalopezdemunain.com\\\/es\\\/\",\"name\":\"Ainhoa L\u00f3pez de Munain - Soprano l\u00edrico ligera espa\u00f1ola residente en alemania\",\"description\":\"Ainhoa L\u00f3pez de Munain | Soprano\",\"publisher\":{\"@id\":\"https:\\\/\\\/ainhoalopezdemunain.com\\\/es\\\/#\\\/schema\\\/person\\\/0acfeae432a79e797b1ac79aa00f1a0b\"},\"alternateName\":\"Ainhoa L\u00f3pez de Munain - Soprano\",\"potentialAction\":[{\"@type\":\"SearchAction\",\"target\":{\"@type\":\"EntryPoint\",\"urlTemplate\":\"https:\\\/\\\/ainhoalopezdemunain.com\\\/es\\\/?s={search_term_string}\"},\"query-input\":{\"@type\":\"PropertyValueSpecification\",\"valueRequired\":true,\"valueName\":\"search_term_string\"}}],\"inLanguage\":\"es\"},{\"@type\":[\"Person\",\"Organization\"],\"@id\":\"https:\\\/\\\/ainhoalopezdemunain.com\\\/es\\\/#\\\/schema\\\/person\\\/0acfeae432a79e797b1ac79aa00f1a0b\",\"name\":\"Ainhoa\",\"image\":{\"@type\":\"ImageObject\",\"inLanguage\":\"es\",\"@id\":\"https:\\\/\\\/ainhoalopezdemunain.com\\\/wp-content\\\/uploads\\\/2025\\\/03\\\/cropped-40DFF3C9-D00F-4531-90B1-56701D0AE1AD_1_201_a-2-scaled-1.jpeg\",\"url\":\"https:\\\/\\\/ainhoalopezdemunain.com\\\/wp-content\\\/uploads\\\/2025\\\/03\\\/cropped-40DFF3C9-D00F-4531-90B1-56701D0AE1AD_1_201_a-2-scaled-1.jpeg\",\"contentUrl\":\"https:\\\/\\\/ainhoalopezdemunain.com\\\/wp-content\\\/uploads\\\/2025\\\/03\\\/cropped-40DFF3C9-D00F-4531-90B1-56701D0AE1AD_1_201_a-2-scaled-1.jpeg\",\"width\":512,\"height\":512,\"caption\":\"Ainhoa\"},\"logo\":{\"@id\":\"https:\\\/\\\/ainhoalopezdemunain.com\\\/wp-content\\\/uploads\\\/2025\\\/03\\\/cropped-40DFF3C9-D00F-4531-90B1-56701D0AE1AD_1_201_a-2-scaled-1.jpeg\"}}]}<\/script>\n<!-- \/ Yoast SEO plugin. -->","yoast_head_json":{"title":"Biograf\u00eda - Ainhoa L\u00f3pez de Munain","description":"Ainhoa L\u00f3pez de Munain, se ha graduado en la Escuela Superior de M\u00fasica Hanns Eisler de Berl\u00edn, bajo la tutela de la mezzosoprano Ewa Wolak.","robots":{"index":"index","follow":"follow","max-snippet":"max-snippet:-1","max-image-preview":"max-image-preview:large","max-video-preview":"max-video-preview:-1"},"canonical":"https:\/\/ainhoalopezdemunain.com\/es\/biography\/","og_locale":"es_ES","og_type":"article","og_title":"Biograf\u00eda - Ainhoa L\u00f3pez de Munain","og_description":"Ainhoa L\u00f3pez de Munain, se ha graduado en la Escuela Superior de M\u00fasica Hanns Eisler de Berl\u00edn, bajo la tutela de la mezzosoprano Ewa Wolak.","og_url":"https:\/\/ainhoalopezdemunain.com\/es\/biography\/","og_site_name":"Ainhoa L\u00f3pez de Munain","article_modified_time":"2026-02-11T19:00:28+00:00","og_image":[{"url":"https:\/\/ainhoalopezdemunain.com\/wp-content\/uploads\/elementor\/thumbs\/photo_2022-10-19_10-03-37-pwfncupttnm0ajs4mm9xm1xk7t9f3rvxilt9si75wg.jpg","type":"","width":"","height":""}],"twitter_card":"summary_large_image","twitter_misc":{"Tiempo de lectura":"5 minutos"},"schema":{"@context":"https:\/\/schema.org","@graph":[{"@type":"WebPage","@id":"https:\/\/ainhoalopezdemunain.com\/es\/biography\/","url":"https:\/\/ainhoalopezdemunain.com\/es\/biography\/","name":"Biograf\u00eda - Ainhoa L\u00f3pez de Munain","isPartOf":{"@id":"https:\/\/ainhoalopezdemunain.com\/es\/#website"},"primaryImageOfPage":{"@id":"https:\/\/ainhoalopezdemunain.com\/es\/biography\/#primaryimage"},"image":{"@id":"https:\/\/ainhoalopezdemunain.com\/es\/biography\/#primaryimage"},"thumbnailUrl":"https:\/\/ainhoalopezdemunain.com\/wp-content\/uploads\/elementor\/thumbs\/photo_2022-10-19_10-03-37-pwfncupttnm0ajs4mm9xm1xk7t9f3rvxilt9si75wg.jpg","datePublished":"2021-12-31T15:23:32+00:00","dateModified":"2026-02-11T19:00:28+00:00","description":"Ainhoa L\u00f3pez de Munain, se ha graduado en la Escuela Superior de M\u00fasica Hanns Eisler de Berl\u00edn, bajo la tutela de la mezzosoprano Ewa Wolak.","breadcrumb":{"@id":"https:\/\/ainhoalopezdemunain.com\/es\/biography\/#breadcrumb"},"inLanguage":"es","potentialAction":[{"@type":"ReadAction","target":["https:\/\/ainhoalopezdemunain.com\/es\/biography\/"]}]},{"@type":"ImageObject","inLanguage":"es","@id":"https:\/\/ainhoalopezdemunain.com\/es\/biography\/#primaryimage","url":"https:\/\/ainhoalopezdemunain.com\/wp-content\/uploads\/elementor\/thumbs\/photo_2022-10-19_10-03-37-pwfncupttnm0ajs4mm9xm1xk7t9f3rvxilt9si75wg.jpg","contentUrl":"https:\/\/ainhoalopezdemunain.com\/wp-content\/uploads\/elementor\/thumbs\/photo_2022-10-19_10-03-37-pwfncupttnm0ajs4mm9xm1xk7t9f3rvxilt9si75wg.jpg"},{"@type":"BreadcrumbList","@id":"https:\/\/ainhoalopezdemunain.com\/es\/biography\/#breadcrumb","itemListElement":[{"@type":"ListItem","position":1,"name":"Portada","item":"https:\/\/ainhoalopezdemunain.com\/"},{"@type":"ListItem","position":2,"name":"Biograf\u00eda"}]},{"@type":"WebSite","@id":"https:\/\/ainhoalopezdemunain.com\/es\/#website","url":"https:\/\/ainhoalopezdemunain.com\/es\/","name":"Ainhoa L\u00f3pez de Munain - Soprano l\u00edrico ligera espa\u00f1ola residente en alemania","description":"Ainhoa L\u00f3pez de Munain | Soprano","publisher":{"@id":"https:\/\/ainhoalopezdemunain.com\/es\/#\/schema\/person\/0acfeae432a79e797b1ac79aa00f1a0b"},"alternateName":"Ainhoa L\u00f3pez de Munain - Soprano","potentialAction":[{"@type":"SearchAction","target":{"@type":"EntryPoint","urlTemplate":"https:\/\/ainhoalopezdemunain.com\/es\/?s={search_term_string}"},"query-input":{"@type":"PropertyValueSpecification","valueRequired":true,"valueName":"search_term_string"}}],"inLanguage":"es"},{"@type":["Person","Organization"],"@id":"https:\/\/ainhoalopezdemunain.com\/es\/#\/schema\/person\/0acfeae432a79e797b1ac79aa00f1a0b","name":"Ainhoa","image":{"@type":"ImageObject","inLanguage":"es","@id":"https:\/\/ainhoalopezdemunain.com\/wp-content\/uploads\/2025\/03\/cropped-40DFF3C9-D00F-4531-90B1-56701D0AE1AD_1_201_a-2-scaled-1.jpeg","url":"https:\/\/ainhoalopezdemunain.com\/wp-content\/uploads\/2025\/03\/cropped-40DFF3C9-D00F-4531-90B1-56701D0AE1AD_1_201_a-2-scaled-1.jpeg","contentUrl":"https:\/\/ainhoalopezdemunain.com\/wp-content\/uploads\/2025\/03\/cropped-40DFF3C9-D00F-4531-90B1-56701D0AE1AD_1_201_a-2-scaled-1.jpeg","width":512,"height":512,"caption":"Ainhoa"},"logo":{"@id":"https:\/\/ainhoalopezdemunain.com\/wp-content\/uploads\/2025\/03\/cropped-40DFF3C9-D00F-4531-90B1-56701D0AE1AD_1_201_a-2-scaled-1.jpeg"}}]}},"_links":{"self":[{"href":"https:\/\/ainhoalopezdemunain.com\/es\/wp-json\/wp\/v2\/pages\/35","targetHints":{"allow":["GET"]}}],"collection":[{"href":"https:\/\/ainhoalopezdemunain.com\/es\/wp-json\/wp\/v2\/pages"}],"about":[{"href":"https:\/\/ainhoalopezdemunain.com\/es\/wp-json\/wp\/v2\/types\/page"}],"author":[{"embeddable":true,"href":"https:\/\/ainhoalopezdemunain.com\/es\/wp-json\/wp\/v2\/users\/1"}],"replies":[{"embeddable":true,"href":"https:\/\/ainhoalopezdemunain.com\/es\/wp-json\/wp\/v2\/comments?post=35"}],"version-history":[{"count":378,"href":"https:\/\/ainhoalopezdemunain.com\/es\/wp-json\/wp\/v2\/pages\/35\/revisions"}],"predecessor-version":[{"id":6051,"href":"https:\/\/ainhoalopezdemunain.com\/es\/wp-json\/wp\/v2\/pages\/35\/revisions\/6051"}],"wp:attachment":[{"href":"https:\/\/ainhoalopezdemunain.com\/es\/wp-json\/wp\/v2\/media?parent=35"}],"curies":[{"name":"wp","href":"https:\/\/api.w.org\/{rel}","templated":true}]}}