{"id":2741,"date":"2024-11-14T22:12:39","date_gmt":"2024-11-14T21:12:39","guid":{"rendered":"https:\/\/ainhoalopezdemunain.com\/?page_id=2741"},"modified":"2026-01-03T19:33:47","modified_gmt":"2026-01-03T18:33:47","slug":"legal-notice","status":"publish","type":"page","link":"https:\/\/ainhoalopezdemunain.com\/es\/contact\/legal-notice\/","title":{"rendered":"Aviso Legal"},"content":{"rendered":"\t\t<div data-elementor-type=\"wp-page\" data-elementor-id=\"2741\" class=\"elementor elementor-2741\" data-elementor-post-type=\"page\">\n\t\t\t\t<div class=\"elementor-element elementor-element-75c3bda e-flex e-con-boxed e-con e-parent\" data-id=\"75c3bda\" data-element_type=\"container\" data-e-type=\"container\" data-settings=\"{&quot;background_background&quot;:&quot;classic&quot;}\">\n\t\t\t\t\t<div class=\"e-con-inner\">\n\t\t\t\t<div class=\"elementor-element elementor-element-f60aaeb elementor-widget elementor-widget-text-editor\" data-id=\"f60aaeb\" data-element_type=\"widget\" data-e-type=\"widget\" data-widget_type=\"text-editor.default\">\n\t\t\t\t<div class=\"elementor-widget-container\">\n\t\t\t\t\t\t\t\t\t<h3><strong>Aviso Legal<\/strong><\/h3>\n<p><b>1. Datos identificativos<\/b><\/p>\n<p>En cumplimiento con el deber de informaci\u00f3n recogido en la normativa vigente relativa a los servicios de la sociedad de la informaci\u00f3n y comercio electr\u00f3nico, se facilitan a continuaci\u00f3n los datos del titular de esta web:<\/p>\n<ul style=\"margin-top: 0cm;\" type=\"disc\">\n<li><b>Titular:&nbsp;<\/b>Ainhoa L\u00f3pez de Munain Isasmendi<\/li>\n<li><b>Actividad profesional:<\/b> Cantante profesional<\/li>\n<li><b>Ciudad y pa\u00eds de residencia fiscal:<\/b> Berl\u00edn, Alemania<\/li>\n<\/ul>\n<ul style=\"margin-top: 0cm;\" type=\"disc\">\n<li><b>Correo electr\u00f3nico de contacto:<\/b> ainhoamunain@gmail.com<\/li>\n<\/ul>\n<ul style=\"margin-top: 0cm;\" type=\"disc\">\n<li><b>Dominio web:<\/b> www.ainhoalopezdemunain.com<\/li>\n<li><b>Proveedor de alojamiento web:<\/b> Hostinger International Ltd. \u2013 Servidores ubicados en Espa\u00f1a<\/li>\n<\/ul>\n<div>&nbsp;<\/div>\n<p><b>2. Objeto del sitio web<\/b><\/p>\n<p>Este sitio web tiene como finalidad ofrecer informaci\u00f3n sobre la trayectoria profesional, conciertos, proyectos y contacto art\u00edstico de la cantante titular. El acceso y la navegaci\u00f3n por el sitio implican la aceptaci\u00f3n de las condiciones aqu\u00ed expuestas.<\/p>\n<p><b>3. Condiciones de Uso<\/b><\/p>\n<p>El acceso y uso del sitio web implica la aceptaci\u00f3n plena y sin reservas de las presentes condiciones de uso, que podr\u00e1n ser modificadas en cualquier momento por parte de la titular.<\/p>\n<p>El usuario se compromete a utilizar la Web conforme a la ley, la moral, el orden p\u00fablico y las disposiciones de este aviso legal. Adem\u00e1s, se obliga a no emplear la Web con fines il\u00edcitos o lesivos de los derechos e intereses de terceros.<\/p>\n<p><b>4. Propiedad intelectual e industrial<\/b><\/p>\n<p>Todos los contenidos de este sitio web (textos, im\u00e1genes, grabaciones, v\u00eddeos, logotipos, bases de datos, etc.) as\u00ed como su dise\u00f1o gr\u00e1fico y c\u00f3digos fuente, est\u00e1n protegidos por los derechos de propiedad intelectual e industrial y son propiedad exclusiva del titular, &nbsp;o, en su caso, de terceros que han autorizado su uso salvo que se indique lo contrario. Queda prohibida su reproducci\u00f3n, distribuci\u00f3n o modificaci\u00f3n sin autorizaci\u00f3n previa y expresa.<\/p>\n<p><b>5. Protecci\u00f3n de Datos Personales<\/b><\/p>\n<p>La titular se compromete a cumplir con la normativa vigente en materia de protecci\u00f3n de datos personales. Para m\u00e1s informaci\u00f3n, consulte nuestra&nbsp;<b>Pol\u00edtica de Privacidad<\/b>.<\/p>\n<p><b>6. Responsabilidad<\/b><\/p>\n<p>La titular no se responsabiliza del mal uso que los usuarios puedan hacer de los contenidos ni de los da\u00f1os que puedan derivarse del acceso o uso de la web. Se reserva el derecho a modificar los contenidos en cualquier momento.<\/p>\n<p><b>7. Enlaces a sitios de terceros<\/b><\/p>\n<p>Este sitio web puede incluir enlaces a perfiles oficiales en redes sociales u otros sitios web de terceros. El titular no se hace responsable del contenido o pol\u00edticas de privacidad de dichas plataformas externas.<\/p>\n<p><b>8. Modificaciones<\/b><\/p>\n<p>La titular se reserva el derecho de modificar en cualquier momento el contenido del presente aviso legal, as\u00ed como cualquier otra informaci\u00f3n contenida en la Web. Estas modificaciones ser\u00e1n efectivas en el momento de su publicaci\u00f3n en la Web.<\/p>\n<p><b>9. Legislaci\u00f3n aplicable<\/b><\/p>\n<p>Este Aviso Legal se rige por la legislaci\u00f3n espa\u00f1ola, as\u00ed como la normativa europea en materia de servicios digitales y protecci\u00f3n de datos, en especial el Reglamento General de Protecci\u00f3n de Datos (UE) 2016\/679 (RGPD). Cualquier controversia derivada del uso de este sitio web se someter\u00e1 a la jurisdicci\u00f3n que corresponda conforme a la normativa aplicable.<\/p>\t\t\t\t\t\t\t\t<\/div>\n\t\t\t\t<\/div>\n\t\t\t\t\t<\/div>\n\t\t\t\t<\/div>\n\t\t\t\t<\/div>\n\t\t","protected":false},"excerpt":{"rendered":"<p>Aviso Legal 1. Datos identificativos En cumplimiento con el deber de informaci\u00f3n recogido en la normativa vigente relativa a los servicios de la sociedad de la informaci\u00f3n y comercio electr\u00f3nico, se facilitan a continuaci\u00f3n los datos del titular de esta web: Titular:&nbsp;Ainhoa L\u00f3pez de Munain Isasmendi Actividad profesional: Cantante profesional Ciudad y pa\u00eds de residencia [&hellip;]<\/p>\n","protected":false},"author":1,"featured_media":0,"parent":41,"menu_order":8,"comment_status":"closed","ping_status":"closed","template":"","meta":{"footnotes":""},"class_list":["post-2741","page","type-page","status-publish","hentry"],"yoast_head":"<!-- This site is optimized with the Yoast SEO plugin v27.3 - https:\/\/yoast.com\/product\/yoast-seo-wordpress\/ -->\n<title>Aviso Legal - Ainhoa L\u00f3pez de Munain<\/title>\n<meta name=\"description\" content=\"Aviso legal del sitio web con informaci\u00f3n del titular, condiciones de uso, derechos de propiedad intelectual y responsabilidades.\" \/>\n<meta name=\"robots\" content=\"index, follow, max-snippet:-1, max-image-preview:large, max-video-preview:-1\" \/>\n<link rel=\"canonical\" href=\"https:\/\/ainhoalopezdemunain.com\/es\/contact\/legal-notice\/\" \/>\n<meta property=\"og:locale\" content=\"es_ES\" \/>\n<meta property=\"og:type\" content=\"article\" \/>\n<meta property=\"og:title\" content=\"Aviso Legal - Ainhoa L\u00f3pez de Munain\" \/>\n<meta property=\"og:description\" content=\"Aviso legal del sitio web con informaci\u00f3n del titular, condiciones de uso, derechos de propiedad intelectual y responsabilidades.\" \/>\n<meta property=\"og:url\" content=\"https:\/\/ainhoalopezdemunain.com\/es\/contact\/legal-notice\/\" \/>\n<meta property=\"og:site_name\" content=\"Ainhoa L\u00f3pez de Munain\" \/>\n<meta property=\"article:modified_time\" content=\"2026-01-03T18:33:47+00:00\" \/>\n<meta property=\"og:image\" content=\"https:\/\/ainhoalopezdemunain.com\/wp-content\/uploads\/2025\/03\/40DFF3C9-D00F-4531-90B1-56701D0AE1AD_1_201_a-scaled.jpeg\" \/>\n\t<meta property=\"og:image:width\" content=\"2560\" \/>\n\t<meta property=\"og:image:height\" content=\"1707\" \/>\n\t<meta property=\"og:image:type\" content=\"image\/jpeg\" \/>\n<meta name=\"twitter:card\" content=\"summary_large_image\" \/>\n<meta name=\"twitter:label1\" content=\"Tiempo de lectura\" \/>\n\t<meta name=\"twitter:data1\" content=\"3 minutos\" \/>\n<script type=\"application\/ld+json\" class=\"yoast-schema-graph\">{\"@context\":\"https:\\\/\\\/schema.org\",\"@graph\":[{\"@type\":\"WebPage\",\"@id\":\"https:\\\/\\\/ainhoalopezdemunain.com\\\/contact\\\/legal-notice\\\/\",\"url\":\"https:\\\/\\\/ainhoalopezdemunain.com\\\/contact\\\/legal-notice\\\/\",\"name\":\"Aviso Legal - Ainhoa L\u00f3pez de Munain\",\"isPartOf\":{\"@id\":\"https:\\\/\\\/ainhoalopezdemunain.com\\\/es\\\/#website\"},\"datePublished\":\"2024-11-14T21:12:39+00:00\",\"dateModified\":\"2026-01-03T18:33:47+00:00\",\"description\":\"Aviso legal del sitio web con informaci\u00f3n del titular, condiciones de uso, derechos de propiedad intelectual y responsabilidades.\",\"breadcrumb\":{\"@id\":\"https:\\\/\\\/ainhoalopezdemunain.com\\\/contact\\\/legal-notice\\\/#breadcrumb\"},\"inLanguage\":\"es\",\"potentialAction\":[{\"@type\":\"ReadAction\",\"target\":[\"https:\\\/\\\/ainhoalopezdemunain.com\\\/contact\\\/legal-notice\\\/\"]}]},{\"@type\":\"BreadcrumbList\",\"@id\":\"https:\\\/\\\/ainhoalopezdemunain.com\\\/contact\\\/legal-notice\\\/#breadcrumb\",\"itemListElement\":[{\"@type\":\"ListItem\",\"position\":1,\"name\":\"Portada\",\"item\":\"https:\\\/\\\/ainhoalopezdemunain.com\\\/\"},{\"@type\":\"ListItem\",\"position\":2,\"name\":\"Contacto\",\"item\":\"https:\\\/\\\/ainhoalopezdemunain.com\\\/contact\\\/\"},{\"@type\":\"ListItem\",\"position\":3,\"name\":\"Aviso Legal\"}]},{\"@type\":\"WebSite\",\"@id\":\"https:\\\/\\\/ainhoalopezdemunain.com\\\/es\\\/#website\",\"url\":\"https:\\\/\\\/ainhoalopezdemunain.com\\\/es\\\/\",\"name\":\"Ainhoa L\u00f3pez de Munain - Soprano l\u00edrico ligera espa\u00f1ola residente en alemania\",\"description\":\"Ainhoa L\u00f3pez de Munain | Soprano\",\"publisher\":{\"@id\":\"https:\\\/\\\/ainhoalopezdemunain.com\\\/es\\\/#\\\/schema\\\/person\\\/0acfeae432a79e797b1ac79aa00f1a0b\"},\"alternateName\":\"Ainhoa L\u00f3pez de Munain - Soprano\",\"potentialAction\":[{\"@type\":\"SearchAction\",\"target\":{\"@type\":\"EntryPoint\",\"urlTemplate\":\"https:\\\/\\\/ainhoalopezdemunain.com\\\/es\\\/?s={search_term_string}\"},\"query-input\":{\"@type\":\"PropertyValueSpecification\",\"valueRequired\":true,\"valueName\":\"search_term_string\"}}],\"inLanguage\":\"es\"},{\"@type\":[\"Person\",\"Organization\"],\"@id\":\"https:\\\/\\\/ainhoalopezdemunain.com\\\/es\\\/#\\\/schema\\\/person\\\/0acfeae432a79e797b1ac79aa00f1a0b\",\"name\":\"Ainhoa\",\"image\":{\"@type\":\"ImageObject\",\"inLanguage\":\"es\",\"@id\":\"https:\\\/\\\/ainhoalopezdemunain.com\\\/wp-content\\\/uploads\\\/2025\\\/03\\\/cropped-40DFF3C9-D00F-4531-90B1-56701D0AE1AD_1_201_a-2-scaled-1.jpeg\",\"url\":\"https:\\\/\\\/ainhoalopezdemunain.com\\\/wp-content\\\/uploads\\\/2025\\\/03\\\/cropped-40DFF3C9-D00F-4531-90B1-56701D0AE1AD_1_201_a-2-scaled-1.jpeg\",\"contentUrl\":\"https:\\\/\\\/ainhoalopezdemunain.com\\\/wp-content\\\/uploads\\\/2025\\\/03\\\/cropped-40DFF3C9-D00F-4531-90B1-56701D0AE1AD_1_201_a-2-scaled-1.jpeg\",\"width\":512,\"height\":512,\"caption\":\"Ainhoa\"},\"logo\":{\"@id\":\"https:\\\/\\\/ainhoalopezdemunain.com\\\/wp-content\\\/uploads\\\/2025\\\/03\\\/cropped-40DFF3C9-D00F-4531-90B1-56701D0AE1AD_1_201_a-2-scaled-1.jpeg\"}}]}<\/script>\n<!-- \/ Yoast SEO plugin. -->","yoast_head_json":{"title":"Aviso Legal - Ainhoa L\u00f3pez de Munain","description":"Aviso legal del sitio web con informaci\u00f3n del titular, condiciones de uso, derechos de propiedad intelectual y responsabilidades.","robots":{"index":"index","follow":"follow","max-snippet":"max-snippet:-1","max-image-preview":"max-image-preview:large","max-video-preview":"max-video-preview:-1"},"canonical":"https:\/\/ainhoalopezdemunain.com\/es\/contact\/legal-notice\/","og_locale":"es_ES","og_type":"article","og_title":"Aviso Legal - Ainhoa L\u00f3pez de Munain","og_description":"Aviso legal del sitio web con informaci\u00f3n del titular, condiciones de uso, derechos de propiedad intelectual y responsabilidades.","og_url":"https:\/\/ainhoalopezdemunain.com\/es\/contact\/legal-notice\/","og_site_name":"Ainhoa L\u00f3pez de Munain","article_modified_time":"2026-01-03T18:33:47+00:00","og_image":[{"width":2560,"height":1707,"url":"https:\/\/ainhoalopezdemunain.com\/wp-content\/uploads\/2025\/03\/40DFF3C9-D00F-4531-90B1-56701D0AE1AD_1_201_a-scaled.jpeg","type":"image\/jpeg"}],"twitter_card":"summary_large_image","twitter_misc":{"Tiempo de lectura":"3 minutos"},"schema":{"@context":"https:\/\/schema.org","@graph":[{"@type":"WebPage","@id":"https:\/\/ainhoalopezdemunain.com\/contact\/legal-notice\/","url":"https:\/\/ainhoalopezdemunain.com\/contact\/legal-notice\/","name":"Aviso Legal - Ainhoa L\u00f3pez de Munain","isPartOf":{"@id":"https:\/\/ainhoalopezdemunain.com\/es\/#website"},"datePublished":"2024-11-14T21:12:39+00:00","dateModified":"2026-01-03T18:33:47+00:00","description":"Aviso legal del sitio web con informaci\u00f3n del titular, condiciones de uso, derechos de propiedad intelectual y responsabilidades.","breadcrumb":{"@id":"https:\/\/ainhoalopezdemunain.com\/contact\/legal-notice\/#breadcrumb"},"inLanguage":"es","potentialAction":[{"@type":"ReadAction","target":["https:\/\/ainhoalopezdemunain.com\/contact\/legal-notice\/"]}]},{"@type":"BreadcrumbList","@id":"https:\/\/ainhoalopezdemunain.com\/contact\/legal-notice\/#breadcrumb","itemListElement":[{"@type":"ListItem","position":1,"name":"Portada","item":"https:\/\/ainhoalopezdemunain.com\/"},{"@type":"ListItem","position":2,"name":"Contacto","item":"https:\/\/ainhoalopezdemunain.com\/contact\/"},{"@type":"ListItem","position":3,"name":"Aviso Legal"}]},{"@type":"WebSite","@id":"https:\/\/ainhoalopezdemunain.com\/es\/#website","url":"https:\/\/ainhoalopezdemunain.com\/es\/","name":"Ainhoa L\u00f3pez de Munain - Soprano l\u00edrico ligera espa\u00f1ola residente en alemania","description":"Ainhoa L\u00f3pez de Munain | Soprano","publisher":{"@id":"https:\/\/ainhoalopezdemunain.com\/es\/#\/schema\/person\/0acfeae432a79e797b1ac79aa00f1a0b"},"alternateName":"Ainhoa L\u00f3pez de Munain - Soprano","potentialAction":[{"@type":"SearchAction","target":{"@type":"EntryPoint","urlTemplate":"https:\/\/ainhoalopezdemunain.com\/es\/?s={search_term_string}"},"query-input":{"@type":"PropertyValueSpecification","valueRequired":true,"valueName":"search_term_string"}}],"inLanguage":"es"},{"@type":["Person","Organization"],"@id":"https:\/\/ainhoalopezdemunain.com\/es\/#\/schema\/person\/0acfeae432a79e797b1ac79aa00f1a0b","name":"Ainhoa","image":{"@type":"ImageObject","inLanguage":"es","@id":"https:\/\/ainhoalopezdemunain.com\/wp-content\/uploads\/2025\/03\/cropped-40DFF3C9-D00F-4531-90B1-56701D0AE1AD_1_201_a-2-scaled-1.jpeg","url":"https:\/\/ainhoalopezdemunain.com\/wp-content\/uploads\/2025\/03\/cropped-40DFF3C9-D00F-4531-90B1-56701D0AE1AD_1_201_a-2-scaled-1.jpeg","contentUrl":"https:\/\/ainhoalopezdemunain.com\/wp-content\/uploads\/2025\/03\/cropped-40DFF3C9-D00F-4531-90B1-56701D0AE1AD_1_201_a-2-scaled-1.jpeg","width":512,"height":512,"caption":"Ainhoa"},"logo":{"@id":"https:\/\/ainhoalopezdemunain.com\/wp-content\/uploads\/2025\/03\/cropped-40DFF3C9-D00F-4531-90B1-56701D0AE1AD_1_201_a-2-scaled-1.jpeg"}}]}},"_links":{"self":[{"href":"https:\/\/ainhoalopezdemunain.com\/es\/wp-json\/wp\/v2\/pages\/2741","targetHints":{"allow":["GET"]}}],"collection":[{"href":"https:\/\/ainhoalopezdemunain.com\/es\/wp-json\/wp\/v2\/pages"}],"about":[{"href":"https:\/\/ainhoalopezdemunain.com\/es\/wp-json\/wp\/v2\/types\/page"}],"author":[{"embeddable":true,"href":"https:\/\/ainhoalopezdemunain.com\/es\/wp-json\/wp\/v2\/users\/1"}],"replies":[{"embeddable":true,"href":"https:\/\/ainhoalopezdemunain.com\/es\/wp-json\/wp\/v2\/comments?post=2741"}],"version-history":[{"count":58,"href":"https:\/\/ainhoalopezdemunain.com\/es\/wp-json\/wp\/v2\/pages\/2741\/revisions"}],"predecessor-version":[{"id":4039,"href":"https:\/\/ainhoalopezdemunain.com\/es\/wp-json\/wp\/v2\/pages\/2741\/revisions\/4039"}],"up":[{"embeddable":true,"href":"https:\/\/ainhoalopezdemunain.com\/es\/wp-json\/wp\/v2\/pages\/41"}],"wp:attachment":[{"href":"https:\/\/ainhoalopezdemunain.com\/es\/wp-json\/wp\/v2\/media?parent=2741"}],"curies":[{"name":"wp","href":"https:\/\/api.w.org\/{rel}","templated":true}]}}