{"id":2755,"date":"2024-11-14T22:25:29","date_gmt":"2024-11-14T21:25:29","guid":{"rendered":"https:\/\/ainhoalopezdemunain.com\/?page_id=2755"},"modified":"2026-01-03T19:34:31","modified_gmt":"2026-01-03T18:34:31","slug":"cookie-policy","status":"publish","type":"page","link":"https:\/\/ainhoalopezdemunain.com\/en\/contact\/cookie-policy\/","title":{"rendered":"Cookie policy"},"content":{"rendered":"<div data-elementor-type=\"wp-page\" data-elementor-id=\"2755\" class=\"elementor elementor-2755\" data-elementor-post-type=\"page\">\n\t\t\t\t<div class=\"elementor-element elementor-element-75c3bda e-flex e-con-boxed e-con e-parent\" data-id=\"75c3bda\" data-element_type=\"container\" data-e-type=\"container\" data-settings=\"{&quot;background_background&quot;:&quot;classic&quot;}\">\n\t\t\t\t\t<div class=\"e-con-inner\">\n\t\t\t\t<div class=\"elementor-element elementor-element-f60aaeb elementor-widget elementor-widget-text-editor\" data-id=\"f60aaeb\" data-element_type=\"widget\" data-e-type=\"widget\" data-widget_type=\"text-editor.default\">\n\t\t\t\t<div class=\"elementor-widget-container\">\n\t\t\t\t\t\t\t\t\t<h3 style=\"color: #eadfdb;\" data-start=\"439\" data-end=\"464\">\ud83c\udf6a<strong style=\"color: #1f1d1e;\">Cookie policy<\/strong><\/h3><p class=\"MsoNormal\"><b>1. What are cookies?<\/b><\/p><p class=\"MsoNormal translation-block\">A cookie is a small text file that is downloaded to the user's browser when accessing certain web pages. Cookies allow, among other things, recognizing the user, obtaining information about their browsing habits, or customizing how content is displayed.<\/p><p class=\"MsoNormal\">Cookies do not collect information that directly identifies the user but may be associated with a profile based on browsing behavior.<\/p><p class=\"MsoNormal\"><b>2. Types of cookies used on this website<\/b><\/p><p class=\"MsoNormal\">This website uses the following types of cookies:<\/p><p class=\"MsoNormal\"><b>a) Technical and functional cookies<\/b><\/p><ul style=\"margin-top: 0cm;\" type=\"disc\"><li class=\"MsoNormal\">These are strictly necessary for the functioning of the site and for navigation. They allow, for example, sending forms or remembering basic preferences.<\/li><\/ul><div>\u00a0<\/div><p class=\"MsoNormal\"><b>b) Analytical cookies<\/b><\/p><ul style=\"margin-top: 0cm;\" type=\"disc\"><li class=\"MsoNormal\">This site uses <b>Google Analytics<\/b>, a web analytics service provided by Google LLC, based in the USA.<\/li><li class=\"MsoNormal\">Google Analytics uses cookies to collect anonymous information about how visitors use the website (pages viewed, duration of visit, geographic origin, device used, etc.) to generate statistical reports and improve the browsing experience.<\/li><\/ul><p class=\"MsoNormal translation-block\">Al usar Google Analytics, puede producirse una <b>transferencia internacional de datos<\/b> a los servidores de Google en Estados Unidos. Google ha adoptado mecanismos contractuales y t\u00e9cnicos para garantizar un nivel adecuado de protecci\u00f3n de datos, pero no se puede excluir el acceso por parte de autoridades estadounidenses.<\/p><p class=\"MsoNormal\">You can find more details in Google\u2019s Privacy Policy and Cookie Policy.<\/p><p class=\"MsoNormal\"><b>c) Third-party cookies (social media)<\/b><\/p><ul style=\"margin-top: 0cm;\" type=\"disc\"><li class=\"MsoNormal\">This site contains links to external platforms (such as Instagram or YouTube). When interacting with these links, those platforms may install cookies according to their own policies.<\/li><\/ul><div>\u00a0<\/div><div class=\"MsoNormal\" style=\"text-align: center;\" align=\"center\">\u00a0<\/div><p class=\"MsoNormal\"><b>3. Managing cookies<\/b><\/p><p class=\"MsoNormal\">When you first access the website, a cookie banner will appear allowing you to accept, reject, or configure non-essential cookies (such as analytical cookies).<\/p><p class=\"MsoNormal\">You can also configure your browser to allow, block, or delete installed cookies:<\/p><ul style=\"margin-top: 0cm;\" type=\"disc\"><li class=\"MsoNormal\"><span style=\"color: #3366ff;\"><a style=\"color: #3366ff;\" href=\"https:\/\/support.google.com\/accounts\/answer\/32050?hl=es&amp;co=GENIE.Platform%3DDesktop\">Google Chrome<\/a><\/span><\/li><li class=\"MsoNormal\"><span style=\"color: #3366ff;\"><a style=\"color: #3366ff;\" href=\"https:\/\/support.mozilla.org\/es\/kb\/Borrar%20cookies\" target=\"_new\">Mozilla Firefox<\/a><\/span><\/li><li class=\"MsoNormal\"><span style=\"color: #3366ff;\"><a style=\"color: #3366ff;\" href=\"https:\/\/support.apple.com\/es-es\/guide\/safari\/sfri11471\/mac\" target=\"_new\">Safari<\/a><\/span><\/li><li class=\"MsoNormal\"><span style=\"color: #3366ff;\"><a style=\"color: #3366ff;\" href=\"https:\/\/support.microsoft.com\/es-es\/help\/4027947\/microsoft-edge-delete-cookies\" target=\"_new\">Microsoft Edge<\/a><\/span><\/li><\/ul><div>\u00a0<\/div><p class=\"MsoNormal\">Please note that disabling cookies may affect the functionality of the website.<\/p><p class=\"MsoNormal\"><b>4. Changes to the Cookie Policy<\/b><\/p><p class=\"MsoNormal\">The owner reserves the right to modify this Cookie Policy at any time, so we recommend checking it periodically. Any changes will be published on this page, with the update date indicated below.<\/p><p class=\"MsoNormal\" style=\"text-align: right;\" align=\"right\">Last updated: April 10, 2025<\/p>\t\t\t\t\t\t\t\t<\/div>\n\t\t\t\t<\/div>\n\t\t\t\t\t<\/div>\n\t\t\t\t<\/div>\n\t\t\t\t<\/div>","protected":false},"excerpt":{"rendered":"<p>\ud83c\udf6aPol\u00edtica de Cookies 1. \u00bfQu\u00e9 son las cookies? Una cookie es un peque\u00f1o archivo de texto que se descarga en el navegador del usuario al acceder a determinadas p\u00e1ginas web. Las cookies permiten, entre otras cosas, reconocer al usuario, obtener informaci\u00f3n sobre sus h\u00e1bitos de navegaci\u00f3n o personalizar la forma en que se muestra el [&hellip;]<\/p>\n","protected":false},"author":1,"featured_media":0,"parent":41,"menu_order":9,"comment_status":"closed","ping_status":"closed","template":"","meta":{"footnotes":""},"class_list":["post-2755","page","type-page","status-publish","hentry"],"yoast_head":"<!-- This site is optimized with the Yoast SEO plugin v27.3 - https:\/\/yoast.com\/product\/yoast-seo-wordpress\/ -->\n<title>Pol\u00edtica de Cookies - Ainhoa L\u00f3pez de Munain<\/title>\n<meta name=\"description\" content=\"Pol\u00edtica de cookies del sitio web con informaci\u00f3n sobre qu\u00e9 son las cookies, para qu\u00e9 se utilizan y c\u00f3mo configurarlas.\" \/>\n<meta name=\"robots\" content=\"index, follow, max-snippet:-1, max-image-preview:large, max-video-preview:-1\" \/>\n<link rel=\"canonical\" href=\"https:\/\/ainhoalopezdemunain.com\/en\/contact\/cookie-policy\/\" \/>\n<meta property=\"og:locale\" content=\"en_GB\" \/>\n<meta property=\"og:type\" content=\"article\" \/>\n<meta property=\"og:title\" content=\"Pol\u00edtica de Cookies - Ainhoa L\u00f3pez de Munain\" \/>\n<meta property=\"og:description\" content=\"Pol\u00edtica de cookies del sitio web con informaci\u00f3n sobre qu\u00e9 son las cookies, para qu\u00e9 se utilizan y c\u00f3mo configurarlas.\" \/>\n<meta property=\"og:url\" content=\"https:\/\/ainhoalopezdemunain.com\/en\/contact\/cookie-policy\/\" \/>\n<meta property=\"og:site_name\" content=\"Ainhoa L\u00f3pez de Munain\" \/>\n<meta property=\"article:modified_time\" content=\"2026-01-03T18:34:31+00:00\" \/>\n<meta property=\"og:image\" content=\"https:\/\/ainhoalopezdemunain.com\/wp-content\/uploads\/2025\/03\/40DFF3C9-D00F-4531-90B1-56701D0AE1AD_1_201_a-scaled.jpeg\" \/>\n\t<meta property=\"og:image:width\" content=\"2560\" \/>\n\t<meta property=\"og:image:height\" content=\"1707\" \/>\n\t<meta property=\"og:image:type\" content=\"image\/jpeg\" \/>\n<meta name=\"twitter:card\" content=\"summary_large_image\" \/>\n<meta name=\"twitter:label1\" content=\"Estimated reading time\" \/>\n\t<meta name=\"twitter:data1\" content=\"2 minutes\" \/>\n<script type=\"application\/ld+json\" class=\"yoast-schema-graph\">{\"@context\":\"https:\\\/\\\/schema.org\",\"@graph\":[{\"@type\":\"WebPage\",\"@id\":\"https:\\\/\\\/ainhoalopezdemunain.com\\\/contact\\\/cookie-policy\\\/\",\"url\":\"https:\\\/\\\/ainhoalopezdemunain.com\\\/contact\\\/cookie-policy\\\/\",\"name\":\"Pol\u00edtica de Cookies - Ainhoa L\u00f3pez de Munain\",\"isPartOf\":{\"@id\":\"https:\\\/\\\/ainhoalopezdemunain.com\\\/es\\\/#website\"},\"datePublished\":\"2024-11-14T21:25:29+00:00\",\"dateModified\":\"2026-01-03T18:34:31+00:00\",\"description\":\"Pol\u00edtica de cookies del sitio web con informaci\u00f3n sobre qu\u00e9 son las cookies, para qu\u00e9 se utilizan y c\u00f3mo configurarlas.\",\"breadcrumb\":{\"@id\":\"https:\\\/\\\/ainhoalopezdemunain.com\\\/contact\\\/cookie-policy\\\/#breadcrumb\"},\"inLanguage\":\"en-GB\",\"potentialAction\":[{\"@type\":\"ReadAction\",\"target\":[\"https:\\\/\\\/ainhoalopezdemunain.com\\\/contact\\\/cookie-policy\\\/\"]}]},{\"@type\":\"BreadcrumbList\",\"@id\":\"https:\\\/\\\/ainhoalopezdemunain.com\\\/contact\\\/cookie-policy\\\/#breadcrumb\",\"itemListElement\":[{\"@type\":\"ListItem\",\"position\":1,\"name\":\"Portada\",\"item\":\"https:\\\/\\\/ainhoalopezdemunain.com\\\/\"},{\"@type\":\"ListItem\",\"position\":2,\"name\":\"Contacto\",\"item\":\"https:\\\/\\\/ainhoalopezdemunain.com\\\/contact\\\/\"},{\"@type\":\"ListItem\",\"position\":3,\"name\":\"Pol\u00edtica de Cookies\"}]},{\"@type\":\"WebSite\",\"@id\":\"https:\\\/\\\/ainhoalopezdemunain.com\\\/es\\\/#website\",\"url\":\"https:\\\/\\\/ainhoalopezdemunain.com\\\/es\\\/\",\"name\":\"Ainhoa L\u00f3pez de Munain - Soprano l\u00edrico ligera espa\u00f1ola residente en alemania\",\"description\":\"Ainhoa L\u00f3pez de Munain | Soprano\",\"publisher\":{\"@id\":\"https:\\\/\\\/ainhoalopezdemunain.com\\\/es\\\/#\\\/schema\\\/person\\\/0acfeae432a79e797b1ac79aa00f1a0b\"},\"alternateName\":\"Ainhoa L\u00f3pez de Munain - Soprano\",\"potentialAction\":[{\"@type\":\"SearchAction\",\"target\":{\"@type\":\"EntryPoint\",\"urlTemplate\":\"https:\\\/\\\/ainhoalopezdemunain.com\\\/es\\\/?s={search_term_string}\"},\"query-input\":{\"@type\":\"PropertyValueSpecification\",\"valueRequired\":true,\"valueName\":\"search_term_string\"}}],\"inLanguage\":\"en-GB\"},{\"@type\":[\"Person\",\"Organization\"],\"@id\":\"https:\\\/\\\/ainhoalopezdemunain.com\\\/es\\\/#\\\/schema\\\/person\\\/0acfeae432a79e797b1ac79aa00f1a0b\",\"name\":\"Ainhoa\",\"image\":{\"@type\":\"ImageObject\",\"inLanguage\":\"en-GB\",\"@id\":\"https:\\\/\\\/ainhoalopezdemunain.com\\\/wp-content\\\/uploads\\\/2025\\\/03\\\/cropped-40DFF3C9-D00F-4531-90B1-56701D0AE1AD_1_201_a-2-scaled-1.jpeg\",\"url\":\"https:\\\/\\\/ainhoalopezdemunain.com\\\/wp-content\\\/uploads\\\/2025\\\/03\\\/cropped-40DFF3C9-D00F-4531-90B1-56701D0AE1AD_1_201_a-2-scaled-1.jpeg\",\"contentUrl\":\"https:\\\/\\\/ainhoalopezdemunain.com\\\/wp-content\\\/uploads\\\/2025\\\/03\\\/cropped-40DFF3C9-D00F-4531-90B1-56701D0AE1AD_1_201_a-2-scaled-1.jpeg\",\"width\":512,\"height\":512,\"caption\":\"Ainhoa\"},\"logo\":{\"@id\":\"https:\\\/\\\/ainhoalopezdemunain.com\\\/wp-content\\\/uploads\\\/2025\\\/03\\\/cropped-40DFF3C9-D00F-4531-90B1-56701D0AE1AD_1_201_a-2-scaled-1.jpeg\"}}]}<\/script>\n<!-- \/ Yoast SEO plugin. -->","yoast_head_json":{"title":"Pol\u00edtica de Cookies - Ainhoa L\u00f3pez de Munain","description":"Pol\u00edtica de cookies del sitio web con informaci\u00f3n sobre qu\u00e9 son las cookies, para qu\u00e9 se utilizan y c\u00f3mo configurarlas.","robots":{"index":"index","follow":"follow","max-snippet":"max-snippet:-1","max-image-preview":"max-image-preview:large","max-video-preview":"max-video-preview:-1"},"canonical":"https:\/\/ainhoalopezdemunain.com\/en\/contact\/cookie-policy\/","og_locale":"en_GB","og_type":"article","og_title":"Pol\u00edtica de Cookies - Ainhoa L\u00f3pez de Munain","og_description":"Pol\u00edtica de cookies del sitio web con informaci\u00f3n sobre qu\u00e9 son las cookies, para qu\u00e9 se utilizan y c\u00f3mo configurarlas.","og_url":"https:\/\/ainhoalopezdemunain.com\/en\/contact\/cookie-policy\/","og_site_name":"Ainhoa L\u00f3pez de Munain","article_modified_time":"2026-01-03T18:34:31+00:00","og_image":[{"width":2560,"height":1707,"url":"https:\/\/ainhoalopezdemunain.com\/wp-content\/uploads\/2025\/03\/40DFF3C9-D00F-4531-90B1-56701D0AE1AD_1_201_a-scaled.jpeg","type":"image\/jpeg"}],"twitter_card":"summary_large_image","twitter_misc":{"Estimated reading time":"2 minutes"},"schema":{"@context":"https:\/\/schema.org","@graph":[{"@type":"WebPage","@id":"https:\/\/ainhoalopezdemunain.com\/contact\/cookie-policy\/","url":"https:\/\/ainhoalopezdemunain.com\/contact\/cookie-policy\/","name":"Pol\u00edtica de Cookies - Ainhoa L\u00f3pez de Munain","isPartOf":{"@id":"https:\/\/ainhoalopezdemunain.com\/es\/#website"},"datePublished":"2024-11-14T21:25:29+00:00","dateModified":"2026-01-03T18:34:31+00:00","description":"Pol\u00edtica de cookies del sitio web con informaci\u00f3n sobre qu\u00e9 son las cookies, para qu\u00e9 se utilizan y c\u00f3mo configurarlas.","breadcrumb":{"@id":"https:\/\/ainhoalopezdemunain.com\/contact\/cookie-policy\/#breadcrumb"},"inLanguage":"en-GB","potentialAction":[{"@type":"ReadAction","target":["https:\/\/ainhoalopezdemunain.com\/contact\/cookie-policy\/"]}]},{"@type":"BreadcrumbList","@id":"https:\/\/ainhoalopezdemunain.com\/contact\/cookie-policy\/#breadcrumb","itemListElement":[{"@type":"ListItem","position":1,"name":"Portada","item":"https:\/\/ainhoalopezdemunain.com\/"},{"@type":"ListItem","position":2,"name":"Contacto","item":"https:\/\/ainhoalopezdemunain.com\/contact\/"},{"@type":"ListItem","position":3,"name":"Pol\u00edtica de Cookies"}]},{"@type":"WebSite","@id":"https:\/\/ainhoalopezdemunain.com\/es\/#website","url":"https:\/\/ainhoalopezdemunain.com\/es\/","name":"Ainhoa L\u00f3pez de Munain - Soprano l\u00edrico ligera espa\u00f1ola residente en alemania","description":"Ainhoa L\u00f3pez de Munain | Soprano","publisher":{"@id":"https:\/\/ainhoalopezdemunain.com\/es\/#\/schema\/person\/0acfeae432a79e797b1ac79aa00f1a0b"},"alternateName":"Ainhoa L\u00f3pez de Munain - Soprano","potentialAction":[{"@type":"SearchAction","target":{"@type":"EntryPoint","urlTemplate":"https:\/\/ainhoalopezdemunain.com\/es\/?s={search_term_string}"},"query-input":{"@type":"PropertyValueSpecification","valueRequired":true,"valueName":"search_term_string"}}],"inLanguage":"en-GB"},{"@type":["Person","Organization"],"@id":"https:\/\/ainhoalopezdemunain.com\/es\/#\/schema\/person\/0acfeae432a79e797b1ac79aa00f1a0b","name":"Ainhoa","image":{"@type":"ImageObject","inLanguage":"en-GB","@id":"https:\/\/ainhoalopezdemunain.com\/wp-content\/uploads\/2025\/03\/cropped-40DFF3C9-D00F-4531-90B1-56701D0AE1AD_1_201_a-2-scaled-1.jpeg","url":"https:\/\/ainhoalopezdemunain.com\/wp-content\/uploads\/2025\/03\/cropped-40DFF3C9-D00F-4531-90B1-56701D0AE1AD_1_201_a-2-scaled-1.jpeg","contentUrl":"https:\/\/ainhoalopezdemunain.com\/wp-content\/uploads\/2025\/03\/cropped-40DFF3C9-D00F-4531-90B1-56701D0AE1AD_1_201_a-2-scaled-1.jpeg","width":512,"height":512,"caption":"Ainhoa"},"logo":{"@id":"https:\/\/ainhoalopezdemunain.com\/wp-content\/uploads\/2025\/03\/cropped-40DFF3C9-D00F-4531-90B1-56701D0AE1AD_1_201_a-2-scaled-1.jpeg"}}]}},"_links":{"self":[{"href":"https:\/\/ainhoalopezdemunain.com\/en\/wp-json\/wp\/v2\/pages\/2755","targetHints":{"allow":["GET"]}}],"collection":[{"href":"https:\/\/ainhoalopezdemunain.com\/en\/wp-json\/wp\/v2\/pages"}],"about":[{"href":"https:\/\/ainhoalopezdemunain.com\/en\/wp-json\/wp\/v2\/types\/page"}],"author":[{"embeddable":true,"href":"https:\/\/ainhoalopezdemunain.com\/en\/wp-json\/wp\/v2\/users\/1"}],"replies":[{"embeddable":true,"href":"https:\/\/ainhoalopezdemunain.com\/en\/wp-json\/wp\/v2\/comments?post=2755"}],"version-history":[{"count":22,"href":"https:\/\/ainhoalopezdemunain.com\/en\/wp-json\/wp\/v2\/pages\/2755\/revisions"}],"predecessor-version":[{"id":4385,"href":"https:\/\/ainhoalopezdemunain.com\/en\/wp-json\/wp\/v2\/pages\/2755\/revisions\/4385"}],"up":[{"embeddable":true,"href":"https:\/\/ainhoalopezdemunain.com\/en\/wp-json\/wp\/v2\/pages\/41"}],"wp:attachment":[{"href":"https:\/\/ainhoalopezdemunain.com\/en\/wp-json\/wp\/v2\/media?parent=2755"}],"curies":[{"name":"wp","href":"https:\/\/api.w.org\/{rel}","templated":true}]}}