{"id":2754,"date":"2024-11-14T22:25:10","date_gmt":"2024-11-14T21:25:10","guid":{"rendered":"https:\/\/ainhoalopezdemunain.com\/?page_id=2754"},"modified":"2026-01-03T19:34:43","modified_gmt":"2026-01-03T18:34:43","slug":"privacy-policy","status":"publish","type":"page","link":"https:\/\/ainhoalopezdemunain.com\/en\/contact\/privacy-policy\/","title":{"rendered":"Privacy policy"},"content":{"rendered":"<div data-elementor-type=\"wp-page\" data-elementor-id=\"2754\" class=\"elementor elementor-2754\" data-elementor-post-type=\"page\">\n\t\t\t\t<div class=\"elementor-element elementor-element-75c3bda e-flex e-con-boxed e-con e-parent\" data-id=\"75c3bda\" data-element_type=\"container\" data-e-type=\"container\" data-settings=\"{&quot;background_background&quot;:&quot;classic&quot;}\">\n\t\t\t\t\t<div class=\"e-con-inner\">\n\t\t\t\t<div class=\"elementor-element elementor-element-f60aaeb elementor-widget elementor-widget-text-editor\" data-id=\"f60aaeb\" data-element_type=\"widget\" data-e-type=\"widget\" data-widget_type=\"text-editor.default\">\n\t\t\t\t<div class=\"elementor-widget-container\">\n\t\t\t\t\t\t\t\t\t<h3><strong>Privacy policy<\/strong><\/h3>\n<p><b>1. Data Controller<\/b><\/p>\n<p>In accordance with the General Data Protection Regulation (EU) 2016\/679 (GDPR), personal data collected through this website will be processed by:<\/p>\n<ul style=\"margin-top: 0cm;\" type=\"disc\">\n<li><b>Owner:&nbsp;<\/b>Ainhoa L\u00f3pez de Munain Isasmendi<\/li>\n<li class=\"translation-block\"><b>Ciudad y pa\u00eds de residencia fiscal:<\/b> Berl\u00edn, Alemania<\/li>\n<li><b>Contact email:<\/b> ainhoamunain@gmail.com<\/li>\n<li><b>Website domain:<\/b> www.ainhoalopezdemunain.com<\/li>\n<li class=\"translation-block\"><b>Web hosting provider:<\/b> Hostinger International Ltd. \u2013 Servers located in Spain<\/li>\n<\/ul>\n<div>&nbsp;<\/div>\n<p><b>2. Purpose of data processing<\/b><\/p>\n<p>Personal data collected through this website will be used for the following purposes:<\/p>\n<ul style=\"margin-top: 0cm;\" type=\"disc\">\n<li><b>Contact form:<\/b> to respond to inquiries, requests, or artistic\/professional proposals.<\/li>\n<li><b>Social media interaction:<\/b> to manage the owner\u2019s presence on platforms such as Instagram, YouTube, etc.<\/li>\n<li><b>Basic analytics:<\/b> to improve content and user experience using analytical tools like Google Analytics.<\/li>\n<\/ul>\n<div>&nbsp;<\/div>\n<p>Data will not be used for purposes other than those stated.<\/p>\n<p><b>3. Legal basis for processing<\/b><\/p>\n<p>The legal basis for data processing is the <b>user\u2019s explicit consent<\/b>, given voluntarily through the contact form or interaction with the website.<\/p>\n<p><b>4. Data retention<\/b><\/p>\n<p>Personal data will be retained only for the time necessary to respond to the request, maintain a professional relationship, or comply with legal obligations.<\/p>\n<p><b>5. Data recipients and international transfers<\/b><\/p>\n<ul data-start=\"2084\" data-end=\"2248\">\n<li data-start=\"2084\" data-end=\"2151\">\n<p data-start=\"2086\" data-end=\"2151\" class=\"translation-block\"><strong data-start=\"2086\" data-end=\"2113\">Contact form:<\/strong> data is not shared with third parties.<\/p>\n<\/li>\n<li data-start=\"2152\" data-end=\"2248\">\n<p data-start=\"2154\" data-end=\"2248\" class=\"translation-block\"><strong data-start=\"2154\" data-end=\"2175\">Google Analytics:<\/strong> service provided by <strong data-start=\"2206\" data-end=\"2220\">Google LLC<\/strong>, (based in the USA).<\/p>\n<\/li>\n<\/ul>\n<blockquote data-start=\"2250\" data-end=\"2692\">\n<p data-start=\"2252\" data-end=\"2692\">Using Google Analytics may involve <strong data-start=\"2294\" data-end=\"2337\">international data transfers<\/strong> to the USA. Google implements technical and contractual measures (such as Standard Contractual Clauses approved by the European Commission) but cannot guarantee equivalent protection as in the EU. By accepting analytical cookies, the user consents to possible data transfers outside the European Economic Area.<\/p>\n<\/blockquote>\n<p><b>6. User rights<\/b><\/p>\n<p>As a user, you have the right to:<\/p>\n<ul style=\"margin-top: 0cm;\" type=\"disc\">\n<li>Access your personal data<\/li>\n<li>Correct inaccurate data<\/li>\n<li>Delete your data when no longer necessary<\/li>\n<li>Object to or limit processing<\/li>\n<li>Data portability<\/li>\n<li>Withdraw consent at any time<\/li>\n<\/ul>\n<div>&nbsp;<\/div>\n<p>To exercise these rights, please send a clear, signed request with a copy of your ID to:<br><span style=\"font-family: 'Segoe UI Emoji',sans-serif; mso-bidi-font-family: 'Segoe UI Emoji';\">\ud83d\udce7&nbsp;<\/span>www.ainhoalopezdemunain.com<\/p>\n<p><b>7. Personal Data Security<\/b><\/p>\n<p>Appropriate technical and organizational measures are implemented to protect your personal data from unauthorized access, alteration, disclosure, or destruction in accordance with Article 32 of the GDPR.<\/p>\n<p><b>8. Cookies<\/b><\/p>\n<p>For more information about the use of cookies on this website, please refer to our&nbsp;<b>Cookie policy<\/b>.<\/p>\n<p><b>9. Changes to this Privacy Policy<\/b><\/p>\n<p>We reserve the right to update or modify this Privacy Policy at any time. Any changes will be duly published on this page. We recommend reviewing this policy periodically.<\/p>\t\t\t\t\t\t\t\t<\/div>\n\t\t\t\t<\/div>\n\t\t\t\t\t<\/div>\n\t\t\t\t<\/div>\n\t\t\t\t<\/div>","protected":false},"excerpt":{"rendered":"<p>Pol\u00edtica de Privacidad 1. Responsable del tratamiento En cumplimiento del Reglamento General de Protecci\u00f3n de Datos (UE) 2016\/679 (RGPD), se informa que los datos personales recabados a trav\u00e9s de este sitio web ser\u00e1n tratados por: Titular:&nbsp;Ainhoa L\u00f3pez de Munain Isasmendi Ciudad y pa\u00eds de residencia fiscal: Berl\u00edn, Alemania Correo electr\u00f3nico de contacto: ainhoamunain@gmail.com Dominio web: [&hellip;]<\/p>\n","protected":false},"author":1,"featured_media":0,"parent":41,"menu_order":10,"comment_status":"closed","ping_status":"closed","template":"","meta":{"footnotes":""},"class_list":["post-2754","page","type-page","status-publish","hentry"],"yoast_head":"<!-- This site is optimized with the Yoast SEO plugin v27.3 - https:\/\/yoast.com\/product\/yoast-seo-wordpress\/ -->\n<title>Pol\u00edtica de Privacidad - Ainhoa L\u00f3pez de Munain<\/title>\n<meta name=\"description\" content=\"Pol\u00edtica de privacidad del sitio web, incluyendo c\u00f3mo se recopilan, gestionan y protegen los datos personales de los usuarios y visitantes.\" \/>\n<meta name=\"robots\" content=\"index, follow, max-snippet:-1, max-image-preview:large, max-video-preview:-1\" \/>\n<link rel=\"canonical\" href=\"https:\/\/ainhoalopezdemunain.com\/en\/contact\/privacy-policy\/\" \/>\n<meta property=\"og:locale\" content=\"en_GB\" \/>\n<meta property=\"og:type\" content=\"article\" \/>\n<meta property=\"og:title\" content=\"Pol\u00edtica de Privacidad - Ainhoa L\u00f3pez de Munain\" \/>\n<meta property=\"og:description\" content=\"Pol\u00edtica de privacidad del sitio web, incluyendo c\u00f3mo se recopilan, gestionan y protegen los datos personales de los usuarios y visitantes.\" \/>\n<meta property=\"og:url\" content=\"https:\/\/ainhoalopezdemunain.com\/en\/contact\/privacy-policy\/\" \/>\n<meta property=\"og:site_name\" content=\"Ainhoa L\u00f3pez de Munain\" \/>\n<meta property=\"article:modified_time\" content=\"2026-01-03T18:34:43+00:00\" \/>\n<meta property=\"og:image\" content=\"https:\/\/ainhoalopezdemunain.com\/wp-content\/uploads\/2025\/03\/40DFF3C9-D00F-4531-90B1-56701D0AE1AD_1_201_a-scaled.jpeg\" \/>\n\t<meta property=\"og:image:width\" content=\"2560\" \/>\n\t<meta property=\"og:image:height\" content=\"1707\" \/>\n\t<meta property=\"og:image:type\" content=\"image\/jpeg\" \/>\n<meta name=\"twitter:card\" content=\"summary_large_image\" \/>\n<meta name=\"twitter:label1\" content=\"Estimated reading time\" \/>\n\t<meta name=\"twitter:data1\" content=\"2 minutes\" \/>\n<script type=\"application\/ld+json\" class=\"yoast-schema-graph\">{\"@context\":\"https:\\\/\\\/schema.org\",\"@graph\":[{\"@type\":\"WebPage\",\"@id\":\"https:\\\/\\\/ainhoalopezdemunain.com\\\/contact\\\/privacy-policy\\\/\",\"url\":\"https:\\\/\\\/ainhoalopezdemunain.com\\\/contact\\\/privacy-policy\\\/\",\"name\":\"Pol\u00edtica de Privacidad - Ainhoa L\u00f3pez de Munain\",\"isPartOf\":{\"@id\":\"https:\\\/\\\/ainhoalopezdemunain.com\\\/es\\\/#website\"},\"datePublished\":\"2024-11-14T21:25:10+00:00\",\"dateModified\":\"2026-01-03T18:34:43+00:00\",\"description\":\"Pol\u00edtica de privacidad del sitio web, incluyendo c\u00f3mo se recopilan, gestionan y protegen los datos personales de los usuarios y visitantes.\",\"breadcrumb\":{\"@id\":\"https:\\\/\\\/ainhoalopezdemunain.com\\\/contact\\\/privacy-policy\\\/#breadcrumb\"},\"inLanguage\":\"en-GB\",\"potentialAction\":[{\"@type\":\"ReadAction\",\"target\":[\"https:\\\/\\\/ainhoalopezdemunain.com\\\/contact\\\/privacy-policy\\\/\"]}]},{\"@type\":\"BreadcrumbList\",\"@id\":\"https:\\\/\\\/ainhoalopezdemunain.com\\\/contact\\\/privacy-policy\\\/#breadcrumb\",\"itemListElement\":[{\"@type\":\"ListItem\",\"position\":1,\"name\":\"Portada\",\"item\":\"https:\\\/\\\/ainhoalopezdemunain.com\\\/\"},{\"@type\":\"ListItem\",\"position\":2,\"name\":\"Contacto\",\"item\":\"https:\\\/\\\/ainhoalopezdemunain.com\\\/contact\\\/\"},{\"@type\":\"ListItem\",\"position\":3,\"name\":\"Pol\u00edtica de Privacidad\"}]},{\"@type\":\"WebSite\",\"@id\":\"https:\\\/\\\/ainhoalopezdemunain.com\\\/es\\\/#website\",\"url\":\"https:\\\/\\\/ainhoalopezdemunain.com\\\/es\\\/\",\"name\":\"Ainhoa L\u00f3pez de Munain - Soprano l\u00edrico ligera espa\u00f1ola residente en alemania\",\"description\":\"Ainhoa L\u00f3pez de Munain | Soprano\",\"publisher\":{\"@id\":\"https:\\\/\\\/ainhoalopezdemunain.com\\\/es\\\/#\\\/schema\\\/person\\\/0acfeae432a79e797b1ac79aa00f1a0b\"},\"alternateName\":\"Ainhoa L\u00f3pez de Munain - Soprano\",\"potentialAction\":[{\"@type\":\"SearchAction\",\"target\":{\"@type\":\"EntryPoint\",\"urlTemplate\":\"https:\\\/\\\/ainhoalopezdemunain.com\\\/es\\\/?s={search_term_string}\"},\"query-input\":{\"@type\":\"PropertyValueSpecification\",\"valueRequired\":true,\"valueName\":\"search_term_string\"}}],\"inLanguage\":\"en-GB\"},{\"@type\":[\"Person\",\"Organization\"],\"@id\":\"https:\\\/\\\/ainhoalopezdemunain.com\\\/es\\\/#\\\/schema\\\/person\\\/0acfeae432a79e797b1ac79aa00f1a0b\",\"name\":\"Ainhoa\",\"image\":{\"@type\":\"ImageObject\",\"inLanguage\":\"en-GB\",\"@id\":\"https:\\\/\\\/ainhoalopezdemunain.com\\\/wp-content\\\/uploads\\\/2025\\\/03\\\/cropped-40DFF3C9-D00F-4531-90B1-56701D0AE1AD_1_201_a-2-scaled-1.jpeg\",\"url\":\"https:\\\/\\\/ainhoalopezdemunain.com\\\/wp-content\\\/uploads\\\/2025\\\/03\\\/cropped-40DFF3C9-D00F-4531-90B1-56701D0AE1AD_1_201_a-2-scaled-1.jpeg\",\"contentUrl\":\"https:\\\/\\\/ainhoalopezdemunain.com\\\/wp-content\\\/uploads\\\/2025\\\/03\\\/cropped-40DFF3C9-D00F-4531-90B1-56701D0AE1AD_1_201_a-2-scaled-1.jpeg\",\"width\":512,\"height\":512,\"caption\":\"Ainhoa\"},\"logo\":{\"@id\":\"https:\\\/\\\/ainhoalopezdemunain.com\\\/wp-content\\\/uploads\\\/2025\\\/03\\\/cropped-40DFF3C9-D00F-4531-90B1-56701D0AE1AD_1_201_a-2-scaled-1.jpeg\"}}]}<\/script>\n<!-- \/ Yoast SEO plugin. -->","yoast_head_json":{"title":"Pol\u00edtica de Privacidad - Ainhoa L\u00f3pez de Munain","description":"Pol\u00edtica de privacidad del sitio web, incluyendo c\u00f3mo se recopilan, gestionan y protegen los datos personales de los usuarios y visitantes.","robots":{"index":"index","follow":"follow","max-snippet":"max-snippet:-1","max-image-preview":"max-image-preview:large","max-video-preview":"max-video-preview:-1"},"canonical":"https:\/\/ainhoalopezdemunain.com\/en\/contact\/privacy-policy\/","og_locale":"en_GB","og_type":"article","og_title":"Pol\u00edtica de Privacidad - Ainhoa L\u00f3pez de Munain","og_description":"Pol\u00edtica de privacidad del sitio web, incluyendo c\u00f3mo se recopilan, gestionan y protegen los datos personales de los usuarios y visitantes.","og_url":"https:\/\/ainhoalopezdemunain.com\/en\/contact\/privacy-policy\/","og_site_name":"Ainhoa L\u00f3pez de Munain","article_modified_time":"2026-01-03T18:34:43+00:00","og_image":[{"width":2560,"height":1707,"url":"https:\/\/ainhoalopezdemunain.com\/wp-content\/uploads\/2025\/03\/40DFF3C9-D00F-4531-90B1-56701D0AE1AD_1_201_a-scaled.jpeg","type":"image\/jpeg"}],"twitter_card":"summary_large_image","twitter_misc":{"Estimated reading time":"2 minutes"},"schema":{"@context":"https:\/\/schema.org","@graph":[{"@type":"WebPage","@id":"https:\/\/ainhoalopezdemunain.com\/contact\/privacy-policy\/","url":"https:\/\/ainhoalopezdemunain.com\/contact\/privacy-policy\/","name":"Pol\u00edtica de Privacidad - Ainhoa L\u00f3pez de Munain","isPartOf":{"@id":"https:\/\/ainhoalopezdemunain.com\/es\/#website"},"datePublished":"2024-11-14T21:25:10+00:00","dateModified":"2026-01-03T18:34:43+00:00","description":"Pol\u00edtica de privacidad del sitio web, incluyendo c\u00f3mo se recopilan, gestionan y protegen los datos personales de los usuarios y visitantes.","breadcrumb":{"@id":"https:\/\/ainhoalopezdemunain.com\/contact\/privacy-policy\/#breadcrumb"},"inLanguage":"en-GB","potentialAction":[{"@type":"ReadAction","target":["https:\/\/ainhoalopezdemunain.com\/contact\/privacy-policy\/"]}]},{"@type":"BreadcrumbList","@id":"https:\/\/ainhoalopezdemunain.com\/contact\/privacy-policy\/#breadcrumb","itemListElement":[{"@type":"ListItem","position":1,"name":"Portada","item":"https:\/\/ainhoalopezdemunain.com\/"},{"@type":"ListItem","position":2,"name":"Contacto","item":"https:\/\/ainhoalopezdemunain.com\/contact\/"},{"@type":"ListItem","position":3,"name":"Pol\u00edtica de Privacidad"}]},{"@type":"WebSite","@id":"https:\/\/ainhoalopezdemunain.com\/es\/#website","url":"https:\/\/ainhoalopezdemunain.com\/es\/","name":"Ainhoa L\u00f3pez de Munain - Soprano l\u00edrico ligera espa\u00f1ola residente en alemania","description":"Ainhoa L\u00f3pez de Munain | Soprano","publisher":{"@id":"https:\/\/ainhoalopezdemunain.com\/es\/#\/schema\/person\/0acfeae432a79e797b1ac79aa00f1a0b"},"alternateName":"Ainhoa L\u00f3pez de Munain - Soprano","potentialAction":[{"@type":"SearchAction","target":{"@type":"EntryPoint","urlTemplate":"https:\/\/ainhoalopezdemunain.com\/es\/?s={search_term_string}"},"query-input":{"@type":"PropertyValueSpecification","valueRequired":true,"valueName":"search_term_string"}}],"inLanguage":"en-GB"},{"@type":["Person","Organization"],"@id":"https:\/\/ainhoalopezdemunain.com\/es\/#\/schema\/person\/0acfeae432a79e797b1ac79aa00f1a0b","name":"Ainhoa","image":{"@type":"ImageObject","inLanguage":"en-GB","@id":"https:\/\/ainhoalopezdemunain.com\/wp-content\/uploads\/2025\/03\/cropped-40DFF3C9-D00F-4531-90B1-56701D0AE1AD_1_201_a-2-scaled-1.jpeg","url":"https:\/\/ainhoalopezdemunain.com\/wp-content\/uploads\/2025\/03\/cropped-40DFF3C9-D00F-4531-90B1-56701D0AE1AD_1_201_a-2-scaled-1.jpeg","contentUrl":"https:\/\/ainhoalopezdemunain.com\/wp-content\/uploads\/2025\/03\/cropped-40DFF3C9-D00F-4531-90B1-56701D0AE1AD_1_201_a-2-scaled-1.jpeg","width":512,"height":512,"caption":"Ainhoa"},"logo":{"@id":"https:\/\/ainhoalopezdemunain.com\/wp-content\/uploads\/2025\/03\/cropped-40DFF3C9-D00F-4531-90B1-56701D0AE1AD_1_201_a-2-scaled-1.jpeg"}}]}},"_links":{"self":[{"href":"https:\/\/ainhoalopezdemunain.com\/en\/wp-json\/wp\/v2\/pages\/2754","targetHints":{"allow":["GET"]}}],"collection":[{"href":"https:\/\/ainhoalopezdemunain.com\/en\/wp-json\/wp\/v2\/pages"}],"about":[{"href":"https:\/\/ainhoalopezdemunain.com\/en\/wp-json\/wp\/v2\/types\/page"}],"author":[{"embeddable":true,"href":"https:\/\/ainhoalopezdemunain.com\/en\/wp-json\/wp\/v2\/users\/1"}],"replies":[{"embeddable":true,"href":"https:\/\/ainhoalopezdemunain.com\/en\/wp-json\/wp\/v2\/comments?post=2754"}],"version-history":[{"count":31,"href":"https:\/\/ainhoalopezdemunain.com\/en\/wp-json\/wp\/v2\/pages\/2754\/revisions"}],"predecessor-version":[{"id":4042,"href":"https:\/\/ainhoalopezdemunain.com\/en\/wp-json\/wp\/v2\/pages\/2754\/revisions\/4042"}],"up":[{"embeddable":true,"href":"https:\/\/ainhoalopezdemunain.com\/en\/wp-json\/wp\/v2\/pages\/41"}],"wp:attachment":[{"href":"https:\/\/ainhoalopezdemunain.com\/en\/wp-json\/wp\/v2\/media?parent=2754"}],"curies":[{"name":"wp","href":"https:\/\/api.w.org\/{rel}","templated":true}]}}