{"id":2741,"date":"2024-11-14T22:12:39","date_gmt":"2024-11-14T21:12:39","guid":{"rendered":"https:\/\/ainhoalopezdemunain.com\/?page_id=2741"},"modified":"2026-01-03T19:33:47","modified_gmt":"2026-01-03T18:33:47","slug":"legal-notice","status":"publish","type":"page","link":"https:\/\/ainhoalopezdemunain.com\/en\/contact\/legal-notice\/","title":{"rendered":"Legal notice"},"content":{"rendered":"<div data-elementor-type=\"wp-page\" data-elementor-id=\"2741\" class=\"elementor elementor-2741\" data-elementor-post-type=\"page\">\n\t\t\t\t<div class=\"elementor-element elementor-element-75c3bda e-flex e-con-boxed e-con e-parent\" data-id=\"75c3bda\" data-element_type=\"container\" data-e-type=\"container\" data-settings=\"{&quot;background_background&quot;:&quot;classic&quot;}\">\n\t\t\t\t\t<div class=\"e-con-inner\">\n\t\t\t\t<div class=\"elementor-element elementor-element-f60aaeb elementor-widget elementor-widget-text-editor\" data-id=\"f60aaeb\" data-element_type=\"widget\" data-e-type=\"widget\" data-widget_type=\"text-editor.default\">\n\t\t\t\t<div class=\"elementor-widget-container\">\n\t\t\t\t\t\t\t\t\t<h3><strong>Legal notice<\/strong><\/h3>\n<p><b>1. Identification Details<\/b><\/p>\n<p>In compliance with the information duty set out in current regulations regarding information society services and electronic commerce, the following details of the website owner are provided:<\/p>\n<ul style=\"margin-top: 0cm;\" type=\"disc\">\n<li><b>Owner:&nbsp;<\/b>Ainhoa L\u00f3pez de Munain Isasmendi<\/li>\n<li class=\"translation-block\"><b>Professional activity:<\/b> Professional singer<\/li>\n<li class=\"translation-block\"><b>Ciudad y pa\u00eds de residencia fiscal:<\/b> Berl\u00edn, Alemania<\/li>\n<\/ul>\n<ul style=\"margin-top: 0cm;\" type=\"disc\">\n<li><b>Contact email:<\/b> ainhoamunain@gmail.com<\/li>\n<\/ul>\n<ul style=\"margin-top: 0cm;\" type=\"disc\">\n<li><b>Website domain:<\/b> www.ainhoalopezdemunain.com<\/li>\n<li class=\"translation-block\"><b>Web hosting provider:<\/b> Hostinger International Ltd. \u2013 Servers located in Spain<\/li>\n<\/ul>\n<div>&nbsp;<\/div>\n<p><b>2. Purpose of the Website<\/b><\/p>\n<p>This website aims to provide information about the professional career, concerts, projects, and artistic contact of the singer who owns it. Accessing and browsing the website implies acceptance of the conditions set forth herein.<\/p>\n<p><b>3. Terms of Use<\/b><\/p>\n<p>Access to and use of the website imply full and unconditional acceptance of these terms of use, which may be modified at any time by the owner.<\/p>\n<p>The user agrees to use the Website in accordance with the law, morality, public order, and the provisions of this legal notice. Furthermore, the user undertakes not to use the Website for unlawful purposes or purposes that may harm the rights and interests of third parties.<\/p>\n<p><b>4. Intellectual and Industrial Property<\/b><\/p>\n<p>All content on this website (texts, images, recordings, videos, logos, databases, etc.), as well as its graphic design and source codes, are protected by intellectual and industrial property rights and are the exclusive property of the owner, or, where applicable, of third parties who have authorized their use unless otherwise indicated. Reproduction, distribution, or modification of this content is prohibited without prior express authorization.<\/p>\n<p><b>5. Personal Data Protection<\/b><\/p>\n<p>The owner undertakes to comply with current regulations on personal data protection. For more information, please refer to our&nbsp;<b>Privacy policy<\/b>.<\/p>\n<p><b>6. Liability<\/b><\/p>\n<p>The owner is not responsible for any misuse of the content by users, nor for any damage that may arise from accessing or using the website. The right to modify the content at any time is reserved.<\/p>\n<p><b>7. Links to Third-Party Sites<\/b><\/p>\n<p>This website may include links to official social media profiles or other third-party websites. The owner is not responsible for the content or privacy policies of such external platforms.<\/p>\n<p><b>8. Modifications<\/b><\/p>\n<p>The owner reserves the right to modify the content of this legal notice at any time, as well as any other information contained on the website. These modifications shall take effect upon publication on the website.<\/p>\n<p><b>9. Applicable Law<\/b><\/p>\n<p>This Legal Notice is governed by Spanish law, as well as European regulations on digital services and data protection, particularly the General Data Protection Regulation (EU) 2016\/679 (GDPR). Any disputes arising from the use of this website shall be subject to the jurisdiction established by applicable regulations.<\/p>\t\t\t\t\t\t\t\t<\/div>\n\t\t\t\t<\/div>\n\t\t\t\t\t<\/div>\n\t\t\t\t<\/div>\n\t\t\t\t<\/div>","protected":false},"excerpt":{"rendered":"<p>Aviso Legal 1. Datos identificativos En cumplimiento con el deber de informaci\u00f3n recogido en la normativa vigente relativa a los servicios de la sociedad de la informaci\u00f3n y comercio electr\u00f3nico, se facilitan a continuaci\u00f3n los datos del titular de esta web: Titular:&nbsp;Ainhoa L\u00f3pez de Munain Isasmendi Actividad profesional: Cantante profesional Ciudad y pa\u00eds de residencia [&hellip;]<\/p>\n","protected":false},"author":1,"featured_media":0,"parent":41,"menu_order":8,"comment_status":"closed","ping_status":"closed","template":"","meta":{"footnotes":""},"class_list":["post-2741","page","type-page","status-publish","hentry"],"yoast_head":"<!-- This site is optimized with the Yoast SEO plugin v27.3 - https:\/\/yoast.com\/product\/yoast-seo-wordpress\/ -->\n<title>Aviso Legal - Ainhoa L\u00f3pez de Munain<\/title>\n<meta name=\"description\" content=\"Aviso legal del sitio web con informaci\u00f3n del titular, condiciones de uso, derechos de propiedad intelectual y responsabilidades.\" \/>\n<meta name=\"robots\" content=\"index, follow, max-snippet:-1, max-image-preview:large, max-video-preview:-1\" \/>\n<link rel=\"canonical\" href=\"https:\/\/ainhoalopezdemunain.com\/en\/contact\/legal-notice\/\" \/>\n<meta property=\"og:locale\" content=\"en_GB\" \/>\n<meta property=\"og:type\" content=\"article\" \/>\n<meta property=\"og:title\" content=\"Aviso Legal - Ainhoa L\u00f3pez de Munain\" \/>\n<meta property=\"og:description\" content=\"Aviso legal del sitio web con informaci\u00f3n del titular, condiciones de uso, derechos de propiedad intelectual y responsabilidades.\" \/>\n<meta property=\"og:url\" content=\"https:\/\/ainhoalopezdemunain.com\/en\/contact\/legal-notice\/\" \/>\n<meta property=\"og:site_name\" content=\"Ainhoa L\u00f3pez de Munain\" \/>\n<meta property=\"article:modified_time\" content=\"2026-01-03T18:33:47+00:00\" \/>\n<meta property=\"og:image\" content=\"https:\/\/ainhoalopezdemunain.com\/wp-content\/uploads\/2025\/03\/40DFF3C9-D00F-4531-90B1-56701D0AE1AD_1_201_a-scaled.jpeg\" \/>\n\t<meta property=\"og:image:width\" content=\"2560\" \/>\n\t<meta property=\"og:image:height\" content=\"1707\" \/>\n\t<meta property=\"og:image:type\" content=\"image\/jpeg\" \/>\n<meta name=\"twitter:card\" content=\"summary_large_image\" \/>\n<meta name=\"twitter:label1\" content=\"Estimated reading time\" \/>\n\t<meta name=\"twitter:data1\" content=\"3 minutes\" \/>\n<script type=\"application\/ld+json\" class=\"yoast-schema-graph\">{\"@context\":\"https:\\\/\\\/schema.org\",\"@graph\":[{\"@type\":\"WebPage\",\"@id\":\"https:\\\/\\\/ainhoalopezdemunain.com\\\/contact\\\/legal-notice\\\/\",\"url\":\"https:\\\/\\\/ainhoalopezdemunain.com\\\/contact\\\/legal-notice\\\/\",\"name\":\"Aviso Legal - Ainhoa L\u00f3pez de Munain\",\"isPartOf\":{\"@id\":\"https:\\\/\\\/ainhoalopezdemunain.com\\\/es\\\/#website\"},\"datePublished\":\"2024-11-14T21:12:39+00:00\",\"dateModified\":\"2026-01-03T18:33:47+00:00\",\"description\":\"Aviso legal del sitio web con informaci\u00f3n del titular, condiciones de uso, derechos de propiedad intelectual y responsabilidades.\",\"breadcrumb\":{\"@id\":\"https:\\\/\\\/ainhoalopezdemunain.com\\\/contact\\\/legal-notice\\\/#breadcrumb\"},\"inLanguage\":\"en-GB\",\"potentialAction\":[{\"@type\":\"ReadAction\",\"target\":[\"https:\\\/\\\/ainhoalopezdemunain.com\\\/contact\\\/legal-notice\\\/\"]}]},{\"@type\":\"BreadcrumbList\",\"@id\":\"https:\\\/\\\/ainhoalopezdemunain.com\\\/contact\\\/legal-notice\\\/#breadcrumb\",\"itemListElement\":[{\"@type\":\"ListItem\",\"position\":1,\"name\":\"Portada\",\"item\":\"https:\\\/\\\/ainhoalopezdemunain.com\\\/\"},{\"@type\":\"ListItem\",\"position\":2,\"name\":\"Contacto\",\"item\":\"https:\\\/\\\/ainhoalopezdemunain.com\\\/contact\\\/\"},{\"@type\":\"ListItem\",\"position\":3,\"name\":\"Aviso Legal\"}]},{\"@type\":\"WebSite\",\"@id\":\"https:\\\/\\\/ainhoalopezdemunain.com\\\/es\\\/#website\",\"url\":\"https:\\\/\\\/ainhoalopezdemunain.com\\\/es\\\/\",\"name\":\"Ainhoa L\u00f3pez de Munain - Soprano l\u00edrico ligera espa\u00f1ola residente en alemania\",\"description\":\"Ainhoa L\u00f3pez de Munain | Soprano\",\"publisher\":{\"@id\":\"https:\\\/\\\/ainhoalopezdemunain.com\\\/es\\\/#\\\/schema\\\/person\\\/0acfeae432a79e797b1ac79aa00f1a0b\"},\"alternateName\":\"Ainhoa L\u00f3pez de Munain - Soprano\",\"potentialAction\":[{\"@type\":\"SearchAction\",\"target\":{\"@type\":\"EntryPoint\",\"urlTemplate\":\"https:\\\/\\\/ainhoalopezdemunain.com\\\/es\\\/?s={search_term_string}\"},\"query-input\":{\"@type\":\"PropertyValueSpecification\",\"valueRequired\":true,\"valueName\":\"search_term_string\"}}],\"inLanguage\":\"en-GB\"},{\"@type\":[\"Person\",\"Organization\"],\"@id\":\"https:\\\/\\\/ainhoalopezdemunain.com\\\/es\\\/#\\\/schema\\\/person\\\/0acfeae432a79e797b1ac79aa00f1a0b\",\"name\":\"Ainhoa\",\"image\":{\"@type\":\"ImageObject\",\"inLanguage\":\"en-GB\",\"@id\":\"https:\\\/\\\/ainhoalopezdemunain.com\\\/wp-content\\\/uploads\\\/2025\\\/03\\\/cropped-40DFF3C9-D00F-4531-90B1-56701D0AE1AD_1_201_a-2-scaled-1.jpeg\",\"url\":\"https:\\\/\\\/ainhoalopezdemunain.com\\\/wp-content\\\/uploads\\\/2025\\\/03\\\/cropped-40DFF3C9-D00F-4531-90B1-56701D0AE1AD_1_201_a-2-scaled-1.jpeg\",\"contentUrl\":\"https:\\\/\\\/ainhoalopezdemunain.com\\\/wp-content\\\/uploads\\\/2025\\\/03\\\/cropped-40DFF3C9-D00F-4531-90B1-56701D0AE1AD_1_201_a-2-scaled-1.jpeg\",\"width\":512,\"height\":512,\"caption\":\"Ainhoa\"},\"logo\":{\"@id\":\"https:\\\/\\\/ainhoalopezdemunain.com\\\/wp-content\\\/uploads\\\/2025\\\/03\\\/cropped-40DFF3C9-D00F-4531-90B1-56701D0AE1AD_1_201_a-2-scaled-1.jpeg\"}}]}<\/script>\n<!-- \/ Yoast SEO plugin. -->","yoast_head_json":{"title":"Aviso Legal - Ainhoa L\u00f3pez de Munain","description":"Aviso legal del sitio web con informaci\u00f3n del titular, condiciones de uso, derechos de propiedad intelectual y responsabilidades.","robots":{"index":"index","follow":"follow","max-snippet":"max-snippet:-1","max-image-preview":"max-image-preview:large","max-video-preview":"max-video-preview:-1"},"canonical":"https:\/\/ainhoalopezdemunain.com\/en\/contact\/legal-notice\/","og_locale":"en_GB","og_type":"article","og_title":"Aviso Legal - Ainhoa L\u00f3pez de Munain","og_description":"Aviso legal del sitio web con informaci\u00f3n del titular, condiciones de uso, derechos de propiedad intelectual y responsabilidades.","og_url":"https:\/\/ainhoalopezdemunain.com\/en\/contact\/legal-notice\/","og_site_name":"Ainhoa L\u00f3pez de Munain","article_modified_time":"2026-01-03T18:33:47+00:00","og_image":[{"width":2560,"height":1707,"url":"https:\/\/ainhoalopezdemunain.com\/wp-content\/uploads\/2025\/03\/40DFF3C9-D00F-4531-90B1-56701D0AE1AD_1_201_a-scaled.jpeg","type":"image\/jpeg"}],"twitter_card":"summary_large_image","twitter_misc":{"Estimated reading time":"3 minutes"},"schema":{"@context":"https:\/\/schema.org","@graph":[{"@type":"WebPage","@id":"https:\/\/ainhoalopezdemunain.com\/contact\/legal-notice\/","url":"https:\/\/ainhoalopezdemunain.com\/contact\/legal-notice\/","name":"Aviso Legal - Ainhoa L\u00f3pez de Munain","isPartOf":{"@id":"https:\/\/ainhoalopezdemunain.com\/es\/#website"},"datePublished":"2024-11-14T21:12:39+00:00","dateModified":"2026-01-03T18:33:47+00:00","description":"Aviso legal del sitio web con informaci\u00f3n del titular, condiciones de uso, derechos de propiedad intelectual y responsabilidades.","breadcrumb":{"@id":"https:\/\/ainhoalopezdemunain.com\/contact\/legal-notice\/#breadcrumb"},"inLanguage":"en-GB","potentialAction":[{"@type":"ReadAction","target":["https:\/\/ainhoalopezdemunain.com\/contact\/legal-notice\/"]}]},{"@type":"BreadcrumbList","@id":"https:\/\/ainhoalopezdemunain.com\/contact\/legal-notice\/#breadcrumb","itemListElement":[{"@type":"ListItem","position":1,"name":"Portada","item":"https:\/\/ainhoalopezdemunain.com\/"},{"@type":"ListItem","position":2,"name":"Contacto","item":"https:\/\/ainhoalopezdemunain.com\/contact\/"},{"@type":"ListItem","position":3,"name":"Aviso Legal"}]},{"@type":"WebSite","@id":"https:\/\/ainhoalopezdemunain.com\/es\/#website","url":"https:\/\/ainhoalopezdemunain.com\/es\/","name":"Ainhoa L\u00f3pez de Munain - Soprano l\u00edrico ligera espa\u00f1ola residente en alemania","description":"Ainhoa L\u00f3pez de Munain | Soprano","publisher":{"@id":"https:\/\/ainhoalopezdemunain.com\/es\/#\/schema\/person\/0acfeae432a79e797b1ac79aa00f1a0b"},"alternateName":"Ainhoa L\u00f3pez de Munain - Soprano","potentialAction":[{"@type":"SearchAction","target":{"@type":"EntryPoint","urlTemplate":"https:\/\/ainhoalopezdemunain.com\/es\/?s={search_term_string}"},"query-input":{"@type":"PropertyValueSpecification","valueRequired":true,"valueName":"search_term_string"}}],"inLanguage":"en-GB"},{"@type":["Person","Organization"],"@id":"https:\/\/ainhoalopezdemunain.com\/es\/#\/schema\/person\/0acfeae432a79e797b1ac79aa00f1a0b","name":"Ainhoa","image":{"@type":"ImageObject","inLanguage":"en-GB","@id":"https:\/\/ainhoalopezdemunain.com\/wp-content\/uploads\/2025\/03\/cropped-40DFF3C9-D00F-4531-90B1-56701D0AE1AD_1_201_a-2-scaled-1.jpeg","url":"https:\/\/ainhoalopezdemunain.com\/wp-content\/uploads\/2025\/03\/cropped-40DFF3C9-D00F-4531-90B1-56701D0AE1AD_1_201_a-2-scaled-1.jpeg","contentUrl":"https:\/\/ainhoalopezdemunain.com\/wp-content\/uploads\/2025\/03\/cropped-40DFF3C9-D00F-4531-90B1-56701D0AE1AD_1_201_a-2-scaled-1.jpeg","width":512,"height":512,"caption":"Ainhoa"},"logo":{"@id":"https:\/\/ainhoalopezdemunain.com\/wp-content\/uploads\/2025\/03\/cropped-40DFF3C9-D00F-4531-90B1-56701D0AE1AD_1_201_a-2-scaled-1.jpeg"}}]}},"_links":{"self":[{"href":"https:\/\/ainhoalopezdemunain.com\/en\/wp-json\/wp\/v2\/pages\/2741","targetHints":{"allow":["GET"]}}],"collection":[{"href":"https:\/\/ainhoalopezdemunain.com\/en\/wp-json\/wp\/v2\/pages"}],"about":[{"href":"https:\/\/ainhoalopezdemunain.com\/en\/wp-json\/wp\/v2\/types\/page"}],"author":[{"embeddable":true,"href":"https:\/\/ainhoalopezdemunain.com\/en\/wp-json\/wp\/v2\/users\/1"}],"replies":[{"embeddable":true,"href":"https:\/\/ainhoalopezdemunain.com\/en\/wp-json\/wp\/v2\/comments?post=2741"}],"version-history":[{"count":58,"href":"https:\/\/ainhoalopezdemunain.com\/en\/wp-json\/wp\/v2\/pages\/2741\/revisions"}],"predecessor-version":[{"id":4039,"href":"https:\/\/ainhoalopezdemunain.com\/en\/wp-json\/wp\/v2\/pages\/2741\/revisions\/4039"}],"up":[{"embeddable":true,"href":"https:\/\/ainhoalopezdemunain.com\/en\/wp-json\/wp\/v2\/pages\/41"}],"wp:attachment":[{"href":"https:\/\/ainhoalopezdemunain.com\/en\/wp-json\/wp\/v2\/media?parent=2741"}],"curies":[{"name":"wp","href":"https:\/\/api.w.org\/{rel}","templated":true}]}}