{"id":2754,"date":"2024-11-14T22:25:10","date_gmt":"2024-11-14T21:25:10","guid":{"rendered":"https:\/\/ainhoalopezdemunain.com\/?page_id=2754"},"modified":"2026-01-03T19:34:43","modified_gmt":"2026-01-03T18:34:43","slug":"privacy-policy","status":"publish","type":"page","link":"https:\/\/ainhoalopezdemunain.com\/de\/contact\/privacy-policy\/","title":{"rendered":"Datenschutzrichlinie"},"content":{"rendered":"<div data-elementor-type=\"wp-page\" data-elementor-id=\"2754\" class=\"elementor elementor-2754\" data-elementor-post-type=\"page\">\n\t\t\t\t<div class=\"elementor-element elementor-element-75c3bda e-flex e-con-boxed e-con e-parent\" data-id=\"75c3bda\" data-element_type=\"container\" data-e-type=\"container\" data-settings=\"{&quot;background_background&quot;:&quot;classic&quot;}\">\n\t\t\t\t\t<div class=\"e-con-inner\">\n\t\t\t\t<div class=\"elementor-element elementor-element-f60aaeb elementor-widget elementor-widget-text-editor\" data-id=\"f60aaeb\" data-element_type=\"widget\" data-e-type=\"widget\" data-widget_type=\"text-editor.default\">\n\t\t\t\t<div class=\"elementor-widget-container\">\n\t\t\t\t\t\t\t\t\t<h3><strong>Datenschutzrichlinie<\/strong><\/h3>\n<p><b>1. Verantwortlicher f\u00fcr die Datenverarbeitung<\/b><\/p>\n<p>Gem\u00e4\u00df der Datenschutz-Grundverordnung (EU) 2016\/679 (DSGVO) wird mitgeteilt, dass die \u00fcber diese Website erhobenen personenbezogenen Daten verarbeitet werden von:<\/p>\n<ul style=\"margin-top: 0cm;\" type=\"disc\">\n<li><b>Inhaberin:&nbsp;<\/b>Ainhoa L\u00f3pez de Munain Isasmendi<\/li>\n<li class=\"translation-block\"><b>Wohnsitz (Steuerich):<\/b> Berlin, Deutschland<\/li>\n<li><b>Kontakt-E-Mail:<\/b> ainhoamunain@gmail.com<\/li>\n<li><b>Domain:<\/b> www.ainhoalopezdemunain.com<\/li>\n<li class=\"translation-block\"><b>Webhosting-Anbieter:<\/b> Hostinger International Ltd. \u2013 Serverstandort: Spanien<\/li>\n<\/ul>\n<div>&nbsp;<\/div>\n<p><b>2. Zweck der Datenverarbeitung<\/b><\/p>\n<p>Die \u00fcber diese Website erhobenen personenbezogenen Daten werden zu folgenden Zwecken verwendet:<\/p>\n<ul style=\"margin-top: 0cm;\" type=\"disc\">\n<li><b>Kontaktformular:<\/b> zur Beantwortung von Anfragen, k\u00fcnstlerischen oder beruflichen Vorschl\u00e4gen.<\/li>\n<li><b>Interaktion \u00fcber soziale Netzwerke:<\/b> Verwaltung der Online-Pr\u00e4senz auf Plattformen wie Instagram, YouTube usw.<\/li>\n<li><b>Grundlegende Statistiken:<\/b> Verbesserung der Inhalte und der Benutzererfahrung durch Tools wie Google Analytics.<\/li>\n<\/ul>\n<div>&nbsp;<\/div>\n<p>Die Daten werden ausschlie\u00dflich f\u00fcr die genannten Zwecke verwendet.<\/p>\n<p><b>3. Rechtsgrundlage der Verarbeitung<\/b><\/p>\n<p>Die Verarbeitung beruht auf der ausdr\u00fccklichen <b>Einwilligung des Nutzers<\/b>, die freiwillig durch das Ausf\u00fcllen des Kontaktformulars oder die Interaktion mit der Website erteilt wird.<\/p>\n<p><b>4. Speicherdauer der Daten<\/b><\/p>\n<p>Die personenbezogenen Daten werden nur so lange gespeichert, wie es zur Bearbeitung der Anfrage, zur Aufrechterhaltung einer professionellen Beziehung oder zur Erf\u00fcllung gesetzlicher Pflichten erforderlich ist.<\/p>\n<p><b>5. Empf\u00e4nger und internationale \u00dcbermittlungen<\/b><\/p>\n<ul data-start=\"2084\" data-end=\"2248\">\n<li data-start=\"2084\" data-end=\"2151\">\n<p data-start=\"2086\" data-end=\"2151\" class=\"translation-block\"><strong data-start=\"2086\" data-end=\"2113\">Kontaktformular:<\/strong> Die Daten werden nicht an Dritte weitergegeben.<\/p>\n<\/li>\n<li data-start=\"2152\" data-end=\"2248\">\n<p data-start=\"2154\" data-end=\"2248\" class=\"translation-block\"><strong data-start=\"2154\" data-end=\"2175\">Google Analytics:<\/strong> Dieser Dienst wird von <strong data-start=\"2206\" data-end=\"2220\">Google LLC<\/strong> mit Sitz in den USA bereitgestellt.<\/p>\n<\/li>\n<\/ul>\n<blockquote data-start=\"2250\" data-end=\"2692\">\n<p data-start=\"2252\" data-end=\"2692\">Die Nutzung von Google Analytics kann eine <strong data-start=\"2294\" data-end=\"2337\">\u00dcbermittlung personenbezogener Daten<\/strong> in die USA beinhalten. Google wendet technische und vertragliche Schutzma\u00dfnahmen (wie Standardvertragsklauseln) an, kann jedoch keinen gleichwertigen Schutz wie innerhalb der EU garantieren. Mit der Annahme analytischer Cookies stimmt der Nutzer dieser m\u00f6glichen Daten\u00fcbermittlung au\u00dferhalb des Europ\u00e4ischen Wirtschaftsraums zu.<\/p>\n<\/blockquote>\n<p><b>6. Rechte der Nutzer<\/b><\/p>\n<p>Als Nutzer haben Sie das Recht auf:<\/p>\n<ul style=\"margin-top: 0cm;\" type=\"disc\">\n<li>Auskunft \u00fcber Ihre personenbezogenen Daten<\/li>\n<li>Berichtigung unrichtiger Daten<\/li>\n<li>L\u00f6schung Ihrer Daten, wenn sie nicht mehr ben\u00f6tigt werden<\/li>\n<li>Widerspruch oder Einschr\u00e4nkung der Verarbeitung<\/li>\n<li>Daten\u00fcbertragbarkeit<\/li>\n<li>Widerruf Ihrer Einwilligung jederzeit<\/li>\n<\/ul>\n<div>&nbsp;<\/div>\n<p>Zur Aus\u00fcbung Ihrer Rechte senden Sie bitte eine klare, unterschriebene Anfrage mit einer Kopie Ihres Ausweises an:<br><span style=\"font-family: 'Segoe UI Emoji',sans-serif; mso-bidi-font-family: 'Segoe UI Emoji';\">\ud83d\udce7&nbsp;<\/span>www.ainhoalopezdemunain.com<\/p>\n<p><b>7. Sicherheit der personenbezogenen Daten<\/b><\/p>\n<p>Es werden geeignete technische und organisatorische Sicherheitsma\u00dfnahmen gem\u00e4\u00df Artikel 32 DSGVO umgesetzt, um Ihre personenbezogenen Daten vor unbefugtem Zugriff, Ver\u00e4nderung, Offenlegung oder Zerst\u00f6rung zu sch\u00fctzen.<\/p>\n<p><b>8. Cookies<\/b><\/p>\n<p>Informationen zur Verwendung von Cookies auf dieser Website finden Sie in unserer&nbsp;<b>Cookie-Richtlinie<\/b>.<\/p>\n<p><b>9. \u00c4nderungen dieser Datenschutzerkl\u00e4rung<\/b><\/p>\n<p>Wir behalten uns das Recht vor, diese Datenschutzerkl\u00e4rung jederzeit zu \u00e4ndern oder zu aktualisieren. \u00c4nderungen werden auf dieser Seite ver\u00f6ffentlicht. Wir empfehlen, die Erkl\u00e4rung regelm\u00e4\u00dfig zu \u00fcberpr\u00fcfen.<\/p>\t\t\t\t\t\t\t\t<\/div>\n\t\t\t\t<\/div>\n\t\t\t\t\t<\/div>\n\t\t\t\t<\/div>\n\t\t\t\t<\/div>","protected":false},"excerpt":{"rendered":"<p>Pol\u00edtica de Privacidad 1. Responsable del tratamiento En cumplimiento del Reglamento General de Protecci\u00f3n de Datos (UE) 2016\/679 (RGPD), se informa que los datos personales recabados a trav\u00e9s de este sitio web ser\u00e1n tratados por: Titular:&nbsp;Ainhoa L\u00f3pez de Munain Isasmendi Ciudad y pa\u00eds de residencia fiscal: Berl\u00edn, Alemania Correo electr\u00f3nico de contacto: ainhoamunain@gmail.com Dominio web: [&hellip;]<\/p>\n","protected":false},"author":1,"featured_media":0,"parent":41,"menu_order":10,"comment_status":"closed","ping_status":"closed","template":"","meta":{"footnotes":""},"class_list":["post-2754","page","type-page","status-publish","hentry"],"yoast_head":"<!-- This site is optimized with the Yoast SEO plugin v27.3 - https:\/\/yoast.com\/product\/yoast-seo-wordpress\/ -->\n<title>Pol\u00edtica de Privacidad - Ainhoa L\u00f3pez de Munain<\/title>\n<meta name=\"description\" content=\"Pol\u00edtica de privacidad del sitio web, incluyendo c\u00f3mo se recopilan, gestionan y protegen los datos personales de los usuarios y visitantes.\" \/>\n<meta name=\"robots\" content=\"index, follow, max-snippet:-1, max-image-preview:large, max-video-preview:-1\" \/>\n<link rel=\"canonical\" href=\"https:\/\/ainhoalopezdemunain.com\/de\/contact\/privacy-policy\/\" \/>\n<meta property=\"og:locale\" content=\"de_DE\" \/>\n<meta property=\"og:type\" content=\"article\" \/>\n<meta property=\"og:title\" content=\"Pol\u00edtica de Privacidad - Ainhoa L\u00f3pez de Munain\" \/>\n<meta property=\"og:description\" content=\"Pol\u00edtica de privacidad del sitio web, incluyendo c\u00f3mo se recopilan, gestionan y protegen los datos personales de los usuarios y visitantes.\" \/>\n<meta property=\"og:url\" content=\"https:\/\/ainhoalopezdemunain.com\/de\/contact\/privacy-policy\/\" \/>\n<meta property=\"og:site_name\" content=\"Ainhoa L\u00f3pez de Munain\" \/>\n<meta property=\"article:modified_time\" content=\"2026-01-03T18:34:43+00:00\" \/>\n<meta property=\"og:image\" content=\"https:\/\/ainhoalopezdemunain.com\/wp-content\/uploads\/2025\/03\/40DFF3C9-D00F-4531-90B1-56701D0AE1AD_1_201_a-scaled.jpeg\" \/>\n\t<meta property=\"og:image:width\" content=\"2560\" \/>\n\t<meta property=\"og:image:height\" content=\"1707\" \/>\n\t<meta property=\"og:image:type\" content=\"image\/jpeg\" \/>\n<meta name=\"twitter:card\" content=\"summary_large_image\" \/>\n<meta name=\"twitter:label1\" content=\"Gesch\u00e4tzte Lesezeit\" \/>\n\t<meta name=\"twitter:data1\" content=\"2\u00a0Minuten\" \/>\n<script type=\"application\/ld+json\" class=\"yoast-schema-graph\">{\"@context\":\"https:\\\/\\\/schema.org\",\"@graph\":[{\"@type\":\"WebPage\",\"@id\":\"https:\\\/\\\/ainhoalopezdemunain.com\\\/contact\\\/privacy-policy\\\/\",\"url\":\"https:\\\/\\\/ainhoalopezdemunain.com\\\/contact\\\/privacy-policy\\\/\",\"name\":\"Pol\u00edtica de Privacidad - Ainhoa L\u00f3pez de Munain\",\"isPartOf\":{\"@id\":\"https:\\\/\\\/ainhoalopezdemunain.com\\\/es\\\/#website\"},\"datePublished\":\"2024-11-14T21:25:10+00:00\",\"dateModified\":\"2026-01-03T18:34:43+00:00\",\"description\":\"Pol\u00edtica de privacidad del sitio web, incluyendo c\u00f3mo se recopilan, gestionan y protegen los datos personales de los usuarios y visitantes.\",\"breadcrumb\":{\"@id\":\"https:\\\/\\\/ainhoalopezdemunain.com\\\/contact\\\/privacy-policy\\\/#breadcrumb\"},\"inLanguage\":\"de\",\"potentialAction\":[{\"@type\":\"ReadAction\",\"target\":[\"https:\\\/\\\/ainhoalopezdemunain.com\\\/contact\\\/privacy-policy\\\/\"]}]},{\"@type\":\"BreadcrumbList\",\"@id\":\"https:\\\/\\\/ainhoalopezdemunain.com\\\/contact\\\/privacy-policy\\\/#breadcrumb\",\"itemListElement\":[{\"@type\":\"ListItem\",\"position\":1,\"name\":\"Portada\",\"item\":\"https:\\\/\\\/ainhoalopezdemunain.com\\\/\"},{\"@type\":\"ListItem\",\"position\":2,\"name\":\"Contacto\",\"item\":\"https:\\\/\\\/ainhoalopezdemunain.com\\\/contact\\\/\"},{\"@type\":\"ListItem\",\"position\":3,\"name\":\"Pol\u00edtica de Privacidad\"}]},{\"@type\":\"WebSite\",\"@id\":\"https:\\\/\\\/ainhoalopezdemunain.com\\\/es\\\/#website\",\"url\":\"https:\\\/\\\/ainhoalopezdemunain.com\\\/es\\\/\",\"name\":\"Ainhoa L\u00f3pez de Munain - Soprano l\u00edrico ligera espa\u00f1ola residente en alemania\",\"description\":\"Ainhoa L\u00f3pez de Munain | Soprano\",\"publisher\":{\"@id\":\"https:\\\/\\\/ainhoalopezdemunain.com\\\/es\\\/#\\\/schema\\\/person\\\/0acfeae432a79e797b1ac79aa00f1a0b\"},\"alternateName\":\"Ainhoa L\u00f3pez de Munain - Soprano\",\"potentialAction\":[{\"@type\":\"SearchAction\",\"target\":{\"@type\":\"EntryPoint\",\"urlTemplate\":\"https:\\\/\\\/ainhoalopezdemunain.com\\\/es\\\/?s={search_term_string}\"},\"query-input\":{\"@type\":\"PropertyValueSpecification\",\"valueRequired\":true,\"valueName\":\"search_term_string\"}}],\"inLanguage\":\"de\"},{\"@type\":[\"Person\",\"Organization\"],\"@id\":\"https:\\\/\\\/ainhoalopezdemunain.com\\\/es\\\/#\\\/schema\\\/person\\\/0acfeae432a79e797b1ac79aa00f1a0b\",\"name\":\"Ainhoa\",\"image\":{\"@type\":\"ImageObject\",\"inLanguage\":\"de\",\"@id\":\"https:\\\/\\\/ainhoalopezdemunain.com\\\/wp-content\\\/uploads\\\/2025\\\/03\\\/cropped-40DFF3C9-D00F-4531-90B1-56701D0AE1AD_1_201_a-2-scaled-1.jpeg\",\"url\":\"https:\\\/\\\/ainhoalopezdemunain.com\\\/wp-content\\\/uploads\\\/2025\\\/03\\\/cropped-40DFF3C9-D00F-4531-90B1-56701D0AE1AD_1_201_a-2-scaled-1.jpeg\",\"contentUrl\":\"https:\\\/\\\/ainhoalopezdemunain.com\\\/wp-content\\\/uploads\\\/2025\\\/03\\\/cropped-40DFF3C9-D00F-4531-90B1-56701D0AE1AD_1_201_a-2-scaled-1.jpeg\",\"width\":512,\"height\":512,\"caption\":\"Ainhoa\"},\"logo\":{\"@id\":\"https:\\\/\\\/ainhoalopezdemunain.com\\\/wp-content\\\/uploads\\\/2025\\\/03\\\/cropped-40DFF3C9-D00F-4531-90B1-56701D0AE1AD_1_201_a-2-scaled-1.jpeg\"}}]}<\/script>\n<!-- \/ Yoast SEO plugin. -->","yoast_head_json":{"title":"Pol\u00edtica de Privacidad - Ainhoa L\u00f3pez de Munain","description":"Pol\u00edtica de privacidad del sitio web, incluyendo c\u00f3mo se recopilan, gestionan y protegen los datos personales de los usuarios y visitantes.","robots":{"index":"index","follow":"follow","max-snippet":"max-snippet:-1","max-image-preview":"max-image-preview:large","max-video-preview":"max-video-preview:-1"},"canonical":"https:\/\/ainhoalopezdemunain.com\/de\/contact\/privacy-policy\/","og_locale":"de_DE","og_type":"article","og_title":"Pol\u00edtica de Privacidad - Ainhoa L\u00f3pez de Munain","og_description":"Pol\u00edtica de privacidad del sitio web, incluyendo c\u00f3mo se recopilan, gestionan y protegen los datos personales de los usuarios y visitantes.","og_url":"https:\/\/ainhoalopezdemunain.com\/de\/contact\/privacy-policy\/","og_site_name":"Ainhoa L\u00f3pez de Munain","article_modified_time":"2026-01-03T18:34:43+00:00","og_image":[{"width":2560,"height":1707,"url":"https:\/\/ainhoalopezdemunain.com\/wp-content\/uploads\/2025\/03\/40DFF3C9-D00F-4531-90B1-56701D0AE1AD_1_201_a-scaled.jpeg","type":"image\/jpeg"}],"twitter_card":"summary_large_image","twitter_misc":{"Gesch\u00e4tzte Lesezeit":"2\u00a0Minuten"},"schema":{"@context":"https:\/\/schema.org","@graph":[{"@type":"WebPage","@id":"https:\/\/ainhoalopezdemunain.com\/contact\/privacy-policy\/","url":"https:\/\/ainhoalopezdemunain.com\/contact\/privacy-policy\/","name":"Pol\u00edtica de Privacidad - Ainhoa L\u00f3pez de Munain","isPartOf":{"@id":"https:\/\/ainhoalopezdemunain.com\/es\/#website"},"datePublished":"2024-11-14T21:25:10+00:00","dateModified":"2026-01-03T18:34:43+00:00","description":"Pol\u00edtica de privacidad del sitio web, incluyendo c\u00f3mo se recopilan, gestionan y protegen los datos personales de los usuarios y visitantes.","breadcrumb":{"@id":"https:\/\/ainhoalopezdemunain.com\/contact\/privacy-policy\/#breadcrumb"},"inLanguage":"de","potentialAction":[{"@type":"ReadAction","target":["https:\/\/ainhoalopezdemunain.com\/contact\/privacy-policy\/"]}]},{"@type":"BreadcrumbList","@id":"https:\/\/ainhoalopezdemunain.com\/contact\/privacy-policy\/#breadcrumb","itemListElement":[{"@type":"ListItem","position":1,"name":"Portada","item":"https:\/\/ainhoalopezdemunain.com\/"},{"@type":"ListItem","position":2,"name":"Contacto","item":"https:\/\/ainhoalopezdemunain.com\/contact\/"},{"@type":"ListItem","position":3,"name":"Pol\u00edtica de Privacidad"}]},{"@type":"WebSite","@id":"https:\/\/ainhoalopezdemunain.com\/es\/#website","url":"https:\/\/ainhoalopezdemunain.com\/es\/","name":"Ainhoa L\u00f3pez de Munain - Soprano l\u00edrico ligera espa\u00f1ola residente en alemania","description":"Ainhoa L\u00f3pez de Munain | Soprano","publisher":{"@id":"https:\/\/ainhoalopezdemunain.com\/es\/#\/schema\/person\/0acfeae432a79e797b1ac79aa00f1a0b"},"alternateName":"Ainhoa L\u00f3pez de Munain - Soprano","potentialAction":[{"@type":"SearchAction","target":{"@type":"EntryPoint","urlTemplate":"https:\/\/ainhoalopezdemunain.com\/es\/?s={search_term_string}"},"query-input":{"@type":"PropertyValueSpecification","valueRequired":true,"valueName":"search_term_string"}}],"inLanguage":"de"},{"@type":["Person","Organization"],"@id":"https:\/\/ainhoalopezdemunain.com\/es\/#\/schema\/person\/0acfeae432a79e797b1ac79aa00f1a0b","name":"Ainhoa","image":{"@type":"ImageObject","inLanguage":"de","@id":"https:\/\/ainhoalopezdemunain.com\/wp-content\/uploads\/2025\/03\/cropped-40DFF3C9-D00F-4531-90B1-56701D0AE1AD_1_201_a-2-scaled-1.jpeg","url":"https:\/\/ainhoalopezdemunain.com\/wp-content\/uploads\/2025\/03\/cropped-40DFF3C9-D00F-4531-90B1-56701D0AE1AD_1_201_a-2-scaled-1.jpeg","contentUrl":"https:\/\/ainhoalopezdemunain.com\/wp-content\/uploads\/2025\/03\/cropped-40DFF3C9-D00F-4531-90B1-56701D0AE1AD_1_201_a-2-scaled-1.jpeg","width":512,"height":512,"caption":"Ainhoa"},"logo":{"@id":"https:\/\/ainhoalopezdemunain.com\/wp-content\/uploads\/2025\/03\/cropped-40DFF3C9-D00F-4531-90B1-56701D0AE1AD_1_201_a-2-scaled-1.jpeg"}}]}},"_links":{"self":[{"href":"https:\/\/ainhoalopezdemunain.com\/de\/wp-json\/wp\/v2\/pages\/2754","targetHints":{"allow":["GET"]}}],"collection":[{"href":"https:\/\/ainhoalopezdemunain.com\/de\/wp-json\/wp\/v2\/pages"}],"about":[{"href":"https:\/\/ainhoalopezdemunain.com\/de\/wp-json\/wp\/v2\/types\/page"}],"author":[{"embeddable":true,"href":"https:\/\/ainhoalopezdemunain.com\/de\/wp-json\/wp\/v2\/users\/1"}],"replies":[{"embeddable":true,"href":"https:\/\/ainhoalopezdemunain.com\/de\/wp-json\/wp\/v2\/comments?post=2754"}],"version-history":[{"count":31,"href":"https:\/\/ainhoalopezdemunain.com\/de\/wp-json\/wp\/v2\/pages\/2754\/revisions"}],"predecessor-version":[{"id":4042,"href":"https:\/\/ainhoalopezdemunain.com\/de\/wp-json\/wp\/v2\/pages\/2754\/revisions\/4042"}],"up":[{"embeddable":true,"href":"https:\/\/ainhoalopezdemunain.com\/de\/wp-json\/wp\/v2\/pages\/41"}],"wp:attachment":[{"href":"https:\/\/ainhoalopezdemunain.com\/de\/wp-json\/wp\/v2\/media?parent=2754"}],"curies":[{"name":"wp","href":"https:\/\/api.w.org\/{rel}","templated":true}]}}