{"id":2741,"date":"2024-11-14T22:12:39","date_gmt":"2024-11-14T21:12:39","guid":{"rendered":"https:\/\/ainhoalopezdemunain.com\/?page_id=2741"},"modified":"2026-01-03T19:33:47","modified_gmt":"2026-01-03T18:33:47","slug":"legal-notice","status":"publish","type":"page","link":"https:\/\/ainhoalopezdemunain.com\/de\/contact\/legal-notice\/","title":{"rendered":"Rechtlicher Hinweis"},"content":{"rendered":"<div data-elementor-type=\"wp-page\" data-elementor-id=\"2741\" class=\"elementor elementor-2741\" data-elementor-post-type=\"page\">\n\t\t\t\t<div class=\"elementor-element elementor-element-75c3bda e-flex e-con-boxed e-con e-parent\" data-id=\"75c3bda\" data-element_type=\"container\" data-e-type=\"container\" data-settings=\"{&quot;background_background&quot;:&quot;classic&quot;}\">\n\t\t\t\t\t<div class=\"e-con-inner\">\n\t\t\t\t<div class=\"elementor-element elementor-element-f60aaeb elementor-widget elementor-widget-text-editor\" data-id=\"f60aaeb\" data-element_type=\"widget\" data-e-type=\"widget\" data-widget_type=\"text-editor.default\">\n\t\t\t\t<div class=\"elementor-widget-container\">\n\t\t\t\t\t\t\t\t\t<h3><strong>Rechtlicher Hinweis<\/strong><\/h3>\n<p><b>1. Angaben gem\u00e4\u00df \u00a7 5 TMG<\/b><\/p>\n<p>In \u00dcbereinstimmung mit den geltenden Vorschriften \u00fcber Dienste der Informationsgesellschaft und elektronischen Gesch\u00e4ftsverkehr werden nachfolgend die Angaben zur Inhaberin dieser Website bereitgestellt:<\/p>\n<ul style=\"margin-top: 0cm;\" type=\"disc\">\n<li><b>Inhaberin:&nbsp;<\/b>Ainhoa L\u00f3pez de Munain Isasmendi<\/li>\n<li class=\"translation-block\"><b>Actividad profesional:<\/b> Cantante profesional<\/li>\n<li class=\"translation-block\"><b>Wohnsitz (Steuerich):<\/b> Berlin, Deutschland<\/li>\n<\/ul>\n<ul style=\"margin-top: 0cm;\" type=\"disc\">\n<li><b>Kontakt-E-Mail:<\/b> ainhoamunain@gmail.com<\/li>\n<\/ul>\n<ul style=\"margin-top: 0cm;\" type=\"disc\">\n<li><b>Domain:<\/b> www.ainhoalopezdemunain.com<\/li>\n<li class=\"translation-block\"><b>Webhosting-Anbieter:<\/b> Hostinger International Ltd. \u2013 Serverstandort: Spanien<\/li>\n<\/ul>\n<div>&nbsp;<\/div>\n<p><b>2. Zweck der Website<\/b><\/p>\n<p>Diese Website dient der Bereitstellung von Informationen \u00fcber die berufliche Laufbahn, Konzerte, Projekte und k\u00fcnstlerische Kontaktm\u00f6glichkeiten der Inhaberin. Der Zugriff auf die Website und das Navigieren darauf setzen die vorbehaltlose Annahme der hier dargelegten Bedingungen voraus.<\/p>\n<p><b>3. Nutzungsbedingungen<\/b><\/p>\n<p>Die Nutzung dieser Website bedeutet die vollst\u00e4ndige und vorbehaltlose Zustimmung zu den vorliegenden Nutzungsbedingungen, die jederzeit von der Inhaberin ge\u00e4ndert werden k\u00f6nnen.<\/p>\n<p>Die Nutzer verpflichten sich, die Website im Einklang mit geltendem Recht, moralischen Grunds\u00e4tzen, der \u00f6ffentlichen Ordnung und diesem rechtlichen Hinweis zu nutzen. Ebenso ist es untersagt, die Website f\u00fcr rechtswidrige Zwecke oder zur Verletzung von Rechten und Interessen Dritter zu verwenden.<\/p>\n<p><b>4. Urheber- und gewerbliche Schutzrechte<\/b><\/p>\n<p>Alle Inhalte dieser Website (Texte, Bilder, Aufnahmen, Videos, Logos, Datenbanken usw.) sowie das grafische Design und der Quellcode sind durch Urheber- und gewerbliche Schutzrechte gesch\u00fctzt und sind ausschlie\u00dfliches Eigentum der Inhaberin oder ggf. Dritter, die ihre Nutzung ausdr\u00fccklich genehmigt haben, sofern nicht anders angegeben. Eine Vervielf\u00e4ltigung, Verbreitung oder Ver\u00e4nderung ohne vorherige ausdr\u00fcckliche Genehmigung ist untersagt.<\/p>\n<p><b>5. Schutz personenbezogener Daten<\/b><\/p>\n<p>Die Inhaberin verpflichtet sich zur Einhaltung der geltenden Datenschutzvorschriften. Weitere Informationen finden Sie in unserer&nbsp;<b>Datenschutzrichlinie<\/b>.<\/p>\n<p><b>6. Haftungsausschluss<\/b><\/p>\n<p>Die Inhaberin \u00fcbernimmt keine Haftung f\u00fcr eine unsachgem\u00e4\u00dfe Nutzung der Inhalte durch die Nutzer oder f\u00fcr Sch\u00e4den, die durch den Zugriff oder die Nutzung der Website entstehen k\u00f6nnen. \u00c4nderungen an den Inhalten k\u00f6nnen jederzeit vorgenommen werden.<\/p>\n<p><b>7. Links zu Websites Dritter<\/b><\/p>\n<p>Diese Website kann Links zu offiziellen Profilen in sozialen Netzwerken oder zu anderen Websites Dritter enthalten. F\u00fcr deren Inhalte oder Datenschutzrichtlinien \u00fcbernimmt die Inhaberin keine Verantwortung.<\/p>\n<p><b>8. \u00c4nderungen<\/b><\/p>\n<p>Die Inhaberin beh\u00e4lt sich das Recht vor, diesen rechtlichen Hinweis sowie weitere Informationen auf der Website jederzeit zu \u00e4ndern. Diese \u00c4nderungen treten mit ihrer Ver\u00f6ffentlichung auf der Website in Kraft.<\/p>\n<p><b>9. Anwendbares Recht<\/b><\/p>\n<p>Dieser rechtliche Hinweis unterliegt dem spanischen Recht sowie der europ\u00e4ischen Gesetzgebung zu digitalen Diensten und Datenschutz, insbesondere der Datenschutz-Grundverordnung (EU) 2016\/679 (DSGVO). Etwaige Streitigkeiten im Zusammenhang mit der Nutzung dieser Website unterliegen der zust\u00e4ndigen Gerichtsbarkeit gem\u00e4\u00df den geltenden Vorschriften.<\/p>\t\t\t\t\t\t\t\t<\/div>\n\t\t\t\t<\/div>\n\t\t\t\t\t<\/div>\n\t\t\t\t<\/div>\n\t\t\t\t<\/div>","protected":false},"excerpt":{"rendered":"<p>Aviso Legal 1. Datos identificativos En cumplimiento con el deber de informaci\u00f3n recogido en la normativa vigente relativa a los servicios de la sociedad de la informaci\u00f3n y comercio electr\u00f3nico, se facilitan a continuaci\u00f3n los datos del titular de esta web: Titular:&nbsp;Ainhoa L\u00f3pez de Munain Isasmendi Actividad profesional: Cantante profesional Ciudad y pa\u00eds de residencia [&hellip;]<\/p>\n","protected":false},"author":1,"featured_media":0,"parent":41,"menu_order":8,"comment_status":"closed","ping_status":"closed","template":"","meta":{"footnotes":""},"class_list":["post-2741","page","type-page","status-publish","hentry"],"yoast_head":"<!-- This site is optimized with the Yoast SEO plugin v27.3 - https:\/\/yoast.com\/product\/yoast-seo-wordpress\/ -->\n<title>Aviso Legal - Ainhoa L\u00f3pez de Munain<\/title>\n<meta name=\"description\" content=\"Aviso legal del sitio web con informaci\u00f3n del titular, condiciones de uso, derechos de propiedad intelectual y responsabilidades.\" \/>\n<meta name=\"robots\" content=\"index, follow, max-snippet:-1, max-image-preview:large, max-video-preview:-1\" \/>\n<link rel=\"canonical\" href=\"https:\/\/ainhoalopezdemunain.com\/de\/contact\/legal-notice\/\" \/>\n<meta property=\"og:locale\" content=\"de_DE\" \/>\n<meta property=\"og:type\" content=\"article\" \/>\n<meta property=\"og:title\" content=\"Aviso Legal - Ainhoa L\u00f3pez de Munain\" \/>\n<meta property=\"og:description\" content=\"Aviso legal del sitio web con informaci\u00f3n del titular, condiciones de uso, derechos de propiedad intelectual y responsabilidades.\" \/>\n<meta property=\"og:url\" content=\"https:\/\/ainhoalopezdemunain.com\/de\/contact\/legal-notice\/\" \/>\n<meta property=\"og:site_name\" content=\"Ainhoa L\u00f3pez de Munain\" \/>\n<meta property=\"article:modified_time\" content=\"2026-01-03T18:33:47+00:00\" \/>\n<meta property=\"og:image\" content=\"https:\/\/ainhoalopezdemunain.com\/wp-content\/uploads\/2025\/03\/40DFF3C9-D00F-4531-90B1-56701D0AE1AD_1_201_a-scaled.jpeg\" \/>\n\t<meta property=\"og:image:width\" content=\"2560\" \/>\n\t<meta property=\"og:image:height\" content=\"1707\" \/>\n\t<meta property=\"og:image:type\" content=\"image\/jpeg\" \/>\n<meta name=\"twitter:card\" content=\"summary_large_image\" \/>\n<meta name=\"twitter:label1\" content=\"Gesch\u00e4tzte Lesezeit\" \/>\n\t<meta name=\"twitter:data1\" content=\"3\u00a0Minuten\" \/>\n<script type=\"application\/ld+json\" class=\"yoast-schema-graph\">{\"@context\":\"https:\\\/\\\/schema.org\",\"@graph\":[{\"@type\":\"WebPage\",\"@id\":\"https:\\\/\\\/ainhoalopezdemunain.com\\\/contact\\\/legal-notice\\\/\",\"url\":\"https:\\\/\\\/ainhoalopezdemunain.com\\\/contact\\\/legal-notice\\\/\",\"name\":\"Aviso Legal - Ainhoa L\u00f3pez de Munain\",\"isPartOf\":{\"@id\":\"https:\\\/\\\/ainhoalopezdemunain.com\\\/es\\\/#website\"},\"datePublished\":\"2024-11-14T21:12:39+00:00\",\"dateModified\":\"2026-01-03T18:33:47+00:00\",\"description\":\"Aviso legal del sitio web con informaci\u00f3n del titular, condiciones de uso, derechos de propiedad intelectual y responsabilidades.\",\"breadcrumb\":{\"@id\":\"https:\\\/\\\/ainhoalopezdemunain.com\\\/contact\\\/legal-notice\\\/#breadcrumb\"},\"inLanguage\":\"de\",\"potentialAction\":[{\"@type\":\"ReadAction\",\"target\":[\"https:\\\/\\\/ainhoalopezdemunain.com\\\/contact\\\/legal-notice\\\/\"]}]},{\"@type\":\"BreadcrumbList\",\"@id\":\"https:\\\/\\\/ainhoalopezdemunain.com\\\/contact\\\/legal-notice\\\/#breadcrumb\",\"itemListElement\":[{\"@type\":\"ListItem\",\"position\":1,\"name\":\"Portada\",\"item\":\"https:\\\/\\\/ainhoalopezdemunain.com\\\/\"},{\"@type\":\"ListItem\",\"position\":2,\"name\":\"Contacto\",\"item\":\"https:\\\/\\\/ainhoalopezdemunain.com\\\/contact\\\/\"},{\"@type\":\"ListItem\",\"position\":3,\"name\":\"Aviso Legal\"}]},{\"@type\":\"WebSite\",\"@id\":\"https:\\\/\\\/ainhoalopezdemunain.com\\\/es\\\/#website\",\"url\":\"https:\\\/\\\/ainhoalopezdemunain.com\\\/es\\\/\",\"name\":\"Ainhoa L\u00f3pez de Munain - Soprano l\u00edrico ligera espa\u00f1ola residente en alemania\",\"description\":\"Ainhoa L\u00f3pez de Munain | Soprano\",\"publisher\":{\"@id\":\"https:\\\/\\\/ainhoalopezdemunain.com\\\/es\\\/#\\\/schema\\\/person\\\/0acfeae432a79e797b1ac79aa00f1a0b\"},\"alternateName\":\"Ainhoa L\u00f3pez de Munain - Soprano\",\"potentialAction\":[{\"@type\":\"SearchAction\",\"target\":{\"@type\":\"EntryPoint\",\"urlTemplate\":\"https:\\\/\\\/ainhoalopezdemunain.com\\\/es\\\/?s={search_term_string}\"},\"query-input\":{\"@type\":\"PropertyValueSpecification\",\"valueRequired\":true,\"valueName\":\"search_term_string\"}}],\"inLanguage\":\"de\"},{\"@type\":[\"Person\",\"Organization\"],\"@id\":\"https:\\\/\\\/ainhoalopezdemunain.com\\\/es\\\/#\\\/schema\\\/person\\\/0acfeae432a79e797b1ac79aa00f1a0b\",\"name\":\"Ainhoa\",\"image\":{\"@type\":\"ImageObject\",\"inLanguage\":\"de\",\"@id\":\"https:\\\/\\\/ainhoalopezdemunain.com\\\/wp-content\\\/uploads\\\/2025\\\/03\\\/cropped-40DFF3C9-D00F-4531-90B1-56701D0AE1AD_1_201_a-2-scaled-1.jpeg\",\"url\":\"https:\\\/\\\/ainhoalopezdemunain.com\\\/wp-content\\\/uploads\\\/2025\\\/03\\\/cropped-40DFF3C9-D00F-4531-90B1-56701D0AE1AD_1_201_a-2-scaled-1.jpeg\",\"contentUrl\":\"https:\\\/\\\/ainhoalopezdemunain.com\\\/wp-content\\\/uploads\\\/2025\\\/03\\\/cropped-40DFF3C9-D00F-4531-90B1-56701D0AE1AD_1_201_a-2-scaled-1.jpeg\",\"width\":512,\"height\":512,\"caption\":\"Ainhoa\"},\"logo\":{\"@id\":\"https:\\\/\\\/ainhoalopezdemunain.com\\\/wp-content\\\/uploads\\\/2025\\\/03\\\/cropped-40DFF3C9-D00F-4531-90B1-56701D0AE1AD_1_201_a-2-scaled-1.jpeg\"}}]}<\/script>\n<!-- \/ Yoast SEO plugin. -->","yoast_head_json":{"title":"Aviso Legal - Ainhoa L\u00f3pez de Munain","description":"Aviso legal del sitio web con informaci\u00f3n del titular, condiciones de uso, derechos de propiedad intelectual y responsabilidades.","robots":{"index":"index","follow":"follow","max-snippet":"max-snippet:-1","max-image-preview":"max-image-preview:large","max-video-preview":"max-video-preview:-1"},"canonical":"https:\/\/ainhoalopezdemunain.com\/de\/contact\/legal-notice\/","og_locale":"de_DE","og_type":"article","og_title":"Aviso Legal - Ainhoa L\u00f3pez de Munain","og_description":"Aviso legal del sitio web con informaci\u00f3n del titular, condiciones de uso, derechos de propiedad intelectual y responsabilidades.","og_url":"https:\/\/ainhoalopezdemunain.com\/de\/contact\/legal-notice\/","og_site_name":"Ainhoa L\u00f3pez de Munain","article_modified_time":"2026-01-03T18:33:47+00:00","og_image":[{"width":2560,"height":1707,"url":"https:\/\/ainhoalopezdemunain.com\/wp-content\/uploads\/2025\/03\/40DFF3C9-D00F-4531-90B1-56701D0AE1AD_1_201_a-scaled.jpeg","type":"image\/jpeg"}],"twitter_card":"summary_large_image","twitter_misc":{"Gesch\u00e4tzte Lesezeit":"3\u00a0Minuten"},"schema":{"@context":"https:\/\/schema.org","@graph":[{"@type":"WebPage","@id":"https:\/\/ainhoalopezdemunain.com\/contact\/legal-notice\/","url":"https:\/\/ainhoalopezdemunain.com\/contact\/legal-notice\/","name":"Aviso Legal - Ainhoa L\u00f3pez de Munain","isPartOf":{"@id":"https:\/\/ainhoalopezdemunain.com\/es\/#website"},"datePublished":"2024-11-14T21:12:39+00:00","dateModified":"2026-01-03T18:33:47+00:00","description":"Aviso legal del sitio web con informaci\u00f3n del titular, condiciones de uso, derechos de propiedad intelectual y responsabilidades.","breadcrumb":{"@id":"https:\/\/ainhoalopezdemunain.com\/contact\/legal-notice\/#breadcrumb"},"inLanguage":"de","potentialAction":[{"@type":"ReadAction","target":["https:\/\/ainhoalopezdemunain.com\/contact\/legal-notice\/"]}]},{"@type":"BreadcrumbList","@id":"https:\/\/ainhoalopezdemunain.com\/contact\/legal-notice\/#breadcrumb","itemListElement":[{"@type":"ListItem","position":1,"name":"Portada","item":"https:\/\/ainhoalopezdemunain.com\/"},{"@type":"ListItem","position":2,"name":"Contacto","item":"https:\/\/ainhoalopezdemunain.com\/contact\/"},{"@type":"ListItem","position":3,"name":"Aviso Legal"}]},{"@type":"WebSite","@id":"https:\/\/ainhoalopezdemunain.com\/es\/#website","url":"https:\/\/ainhoalopezdemunain.com\/es\/","name":"Ainhoa L\u00f3pez de Munain - Soprano l\u00edrico ligera espa\u00f1ola residente en alemania","description":"Ainhoa L\u00f3pez de Munain | Soprano","publisher":{"@id":"https:\/\/ainhoalopezdemunain.com\/es\/#\/schema\/person\/0acfeae432a79e797b1ac79aa00f1a0b"},"alternateName":"Ainhoa L\u00f3pez de Munain - Soprano","potentialAction":[{"@type":"SearchAction","target":{"@type":"EntryPoint","urlTemplate":"https:\/\/ainhoalopezdemunain.com\/es\/?s={search_term_string}"},"query-input":{"@type":"PropertyValueSpecification","valueRequired":true,"valueName":"search_term_string"}}],"inLanguage":"de"},{"@type":["Person","Organization"],"@id":"https:\/\/ainhoalopezdemunain.com\/es\/#\/schema\/person\/0acfeae432a79e797b1ac79aa00f1a0b","name":"Ainhoa","image":{"@type":"ImageObject","inLanguage":"de","@id":"https:\/\/ainhoalopezdemunain.com\/wp-content\/uploads\/2025\/03\/cropped-40DFF3C9-D00F-4531-90B1-56701D0AE1AD_1_201_a-2-scaled-1.jpeg","url":"https:\/\/ainhoalopezdemunain.com\/wp-content\/uploads\/2025\/03\/cropped-40DFF3C9-D00F-4531-90B1-56701D0AE1AD_1_201_a-2-scaled-1.jpeg","contentUrl":"https:\/\/ainhoalopezdemunain.com\/wp-content\/uploads\/2025\/03\/cropped-40DFF3C9-D00F-4531-90B1-56701D0AE1AD_1_201_a-2-scaled-1.jpeg","width":512,"height":512,"caption":"Ainhoa"},"logo":{"@id":"https:\/\/ainhoalopezdemunain.com\/wp-content\/uploads\/2025\/03\/cropped-40DFF3C9-D00F-4531-90B1-56701D0AE1AD_1_201_a-2-scaled-1.jpeg"}}]}},"_links":{"self":[{"href":"https:\/\/ainhoalopezdemunain.com\/de\/wp-json\/wp\/v2\/pages\/2741","targetHints":{"allow":["GET"]}}],"collection":[{"href":"https:\/\/ainhoalopezdemunain.com\/de\/wp-json\/wp\/v2\/pages"}],"about":[{"href":"https:\/\/ainhoalopezdemunain.com\/de\/wp-json\/wp\/v2\/types\/page"}],"author":[{"embeddable":true,"href":"https:\/\/ainhoalopezdemunain.com\/de\/wp-json\/wp\/v2\/users\/1"}],"replies":[{"embeddable":true,"href":"https:\/\/ainhoalopezdemunain.com\/de\/wp-json\/wp\/v2\/comments?post=2741"}],"version-history":[{"count":58,"href":"https:\/\/ainhoalopezdemunain.com\/de\/wp-json\/wp\/v2\/pages\/2741\/revisions"}],"predecessor-version":[{"id":4039,"href":"https:\/\/ainhoalopezdemunain.com\/de\/wp-json\/wp\/v2\/pages\/2741\/revisions\/4039"}],"up":[{"embeddable":true,"href":"https:\/\/ainhoalopezdemunain.com\/de\/wp-json\/wp\/v2\/pages\/41"}],"wp:attachment":[{"href":"https:\/\/ainhoalopezdemunain.com\/de\/wp-json\/wp\/v2\/media?parent=2741"}],"curies":[{"name":"wp","href":"https:\/\/api.w.org\/{rel}","templated":true}]}}